{"id":1170,"date":"2011-11-29T10:46:35","date_gmt":"2011-11-29T15:46:35","guid":{"rendered":"http:\/\/dev2.elizabethmaymp.ca\/?page_id=1170"},"modified":"2017-08-25T16:17:25","modified_gmt":"2017-08-25T20:17:25","slug":"vision-green","status":"publish","type":"page","link":"https:\/\/elizabethmaymp.ca\/fr\/vision-green\/","title":{"rendered":"Vision verte"},"content":{"rendered":"<p><\/p>\n<div>\n<h2 lang=\"fr-CA\">Avant-propos<\/h2>\n<p>En 2006, la chef adjointe de l\u2019\u00e9poque, Adriane Carr, et moi-m\u00eame voulions cr\u00e9er un document de fondement des politiques du Parti vert. En travaillant avec les membres de notre cabinet fant\u00f4me, nous avons assembl\u00e9 et expliqu\u00e9 les politiques approuv\u00e9es lors des congr\u00e8s sur les politiques au cours des ann\u00e9es. Notre but visait \u00e0 faire en sorte qu\u2019il soit plus facile pour le public et les membres de conna\u00eetre les positions des verts sur les principaux enjeux publics.<\/p>\n<p>Je me souviens quand Adriane est arriv\u00e9e avec un pr\u00e9ambule pour chaque partie du document o\u00f9 l\u2019on retrouve la mention suivante\u00a0: \u00ab\u00a0Les d\u00e9put\u00e9s verts\u00a0\u00bb. \u00c0 ce moment, il s\u2019agissait d\u2019un acte de foi de savoir que le Parlement du Canada aurait des d\u00e9put\u00e9s du Parti vert, et de savoir ce pour quoi ces d\u00e9put\u00e9s verts se battraient.<\/p>\n<p>Le 2 mai 2011, j\u2019ai eu l\u2019\u00e9norme privil\u00e8ge d\u2019\u00eatre \u00e9lue par la population de Saanich-Gulf Islands en tant que d\u00e9put\u00e9e \u00e0 la Chambre des communes. En votant, ces gens ont aussi pos\u00e9 un acte de foi pour avoir \u00e9lu la premi\u00e8re d\u00e9put\u00e9e verte du Canada. Depuis ce jour, je travaille sans rel\u00e2che, tout d\u2019abord pour servir les int\u00e9r\u00eats des gens de ma circonscription, et deuxi\u00e8mement \u00e0 titre de chef du Parti vert. Je crois que c\u2019est la fa\u00e7on dont tout cela devrait se faire.<\/p>\n<p>Au printemps 2013, les verts de la Colombie-Britannique ont \u00e9crit une autre page d\u2019histoire en faisant \u00e9lire le premier d\u00e9put\u00e9 du Parti vert de la Colombie-Britannique, le chercheur sur le climat bien connu Andrew Weaver. En d\u00e9cembre 2013, notre caucus f\u00e9d\u00e9ral a doubl\u00e9 gr\u00e2ce \u00e0 la d\u00e9cision du d\u00e9put\u00e9 ind\u00e9pendant de\u00a0Thunder Bay\u2014Sup\u00e9rieur-Nord, Bruce Hyer, de se joindre \u00e0 moi au Parlement pour devenir chef adjoint du Parti vert du Canada. Et en septembre 2014, le chef du Parti vert du Nouveau-Brunswick, David Coon, nous a tous agr\u00e9ablement surpris en se faisant \u00e9lire et en permettant au Parti vert du Nouveau-Brunswick d\u2019avoir un statut de parti officiel \u00e0 l\u2019Assembl\u00e9e l\u00e9gislative de cette province.<\/p>\n<p>Maintenant que nous avons des d\u00e9put\u00e9s verts, je peux faire des ajouts \u00e0 notre liste d\u2019engagements.<\/p>\n<p>Les d\u00e9put\u00e9s verts\u00a0:<\/p>\n<ul>\n<li>\u00c9tabliront des normes de transparence et de responsabilisation. (Nous avons \u00e9t\u00e9 les premiers \u00e0 faire des copies de nos re\u00e7us originaux et \u00e0 publier toutes nos d\u00e9penses sur notre site Web);<\/li>\n<li>Se comporteront avec respect \u00e0 la Chambre des communes, \u00e0 travers notre engagement \u00e0 ne jamais chahuter;<\/li>\n<li>Feront de la politique de hauts niveaux, en \u00e9vitant les attaques ad hominem et en s\u2019en tenant aux enjeux lors des d\u00e9bats;<\/li>\n<li>Travailleront fort en pla\u00e7ant les int\u00e9r\u00eats des gens de nos circonscriptions et des citoyens du Canada au-dessus de ceux de notre parti;<\/li>\n<li>Formeront le seul parti avec une politique sans vote partisan;<\/li>\n<li>S\u2019efforceront de trouver des affinit\u00e9s communes avec les autres partis, sans partisanerie, dans l\u2019int\u00e9r\u00eat public.<\/li>\n<\/ul>\n<p>Vision verte, qui expose nos espoirs de reb\u00e2tir le Canada que nous voulons, est de plus en plus une r\u00e9alit\u00e9 de jour en jour. Nous vous invitons \u00e0 vous joindre \u00e0 nous.<\/p>\n<p>Elizabeth May, O.C.<\/p>\n<p>Chef du Parti vert du Canada<\/p>\n<h2 lang=\"fr-CA\">Introduction<\/h2>\n<p>Depuis 2007, le Parti vert du Canada pr\u00e9sente un rapport d\u00e9taill\u00e9 de ses politiques et ses programmes. Dans chaque \u00e9lection, nous offrons un condens\u00e9 de nos grandes priorit\u00e9s dans une plateforme \u00e9lectorale. Le co\u00fbt de nos engagements est \u00e9valu\u00e9 et un budget est distribu\u00e9 avec la plateforme \u00e9lectorale. Dans un souci de clart\u00e9, veuillez noter que Vision verte n\u2019est pas une plateforme \u00e9lectorale. Le document est trop long et d\u00e9taill\u00e9 pour servir d\u2019\u00e9nonc\u00e9 des principes \u00e9lectoraux. Il permet aux Canadiennes et aux Canadiens d\u2019avoir une compr\u00e9hension plus approfondie de ce que les d\u00e9put\u00e9s verts au Parlement tenteront d\u2019instaurer parmi toute la gamme de choix de politiques publiques.<\/p>\n<p>De fa\u00e7on p\u00e9riodique, nous faisons une mise \u00e0 jour de Vision verte pour nous assurer que nous sommes pr\u00eats en tout temps \u00e0 aller de l\u2019avant avec une vision des choses positive et enracin\u00e9e dans la r\u00e9alit\u00e9 actuelle.<\/p>\n<p>Vision verte pr\u00e9sente une analyse fouill\u00e9e des enjeux environnementaux, \u00e9conomiques et sociaux les plus pressants pour les Canadiennes et les Canadiens, d\u2019un oc\u00e9an \u00e0 l\u2019autre, et offre des solutions pratiques que seuls la volont\u00e9 et le leadership politique de prendre des mesures avant-gardistes permettront de r\u00e9aliser. \u00c9labor\u00e9 par notre cabinet fant\u00f4me et avec les conseils d\u2019experts, de militants et de citoyennes et de citoyens ayant pris part \u00e0 des groupes de discussion strat\u00e9giques organis\u00e9s dans l\u2019ensemble du Canada, ce document pr\u00e9sente des propositions fond\u00e9es sur les politiques approuv\u00e9es par les membres du Parti vert.<\/p>\n<p>Nos solutions sont r\u00e9alistes parce qu\u2019elles respectent les \u00ab pratiques exemplaires \u00bb d\u00e9j\u00e0 en place dans certaines r\u00e9gions du Canada et \u00e0 l\u2019\u00e9tranger. Ces pratiques sont rentables, \u00e9prouv\u00e9es et produisent des r\u00e9sultats bons \u00e0 la fois pour les gens, l\u2019\u00e9conomie et l\u2019environnement.<\/p>\n<p>Les solutions terre-\u00e0-terre du Parti vert fonctionneront pour le Canada parce qu\u2019elles ont d\u00e9j\u00e0 fonctionn\u00e9 un peu partout dans le monde. Bon nombre de nos solutions ont \u00e9t\u00e9 utilis\u00e9es avec succ\u00e8s en Europe o\u00f9 des verts se font \u00e9lire \u00e0 tous les ordres de gouvernement, notamment au sein de l\u2019Union europ\u00e9enne et de parlements nationaux. Les pays o\u00f9 des verts ont \u00e9t\u00e9 \u00e9lus sont des pays qui cr\u00e9ent de nouveaux emplois payants tout en atteignant leurs objectifs de r\u00e9duction des gaz \u00e0 effet de serre. Ce sont des pays o\u00f9 l\u2019\u00e9cart entre les riches et les pauvres est faible et le niveau de vie \u00e9lev\u00e9. Ces pays ne compromettent pas l\u2019environnement au profit de l\u2019\u00e9conomie. Leurs \u00e9conomies sont vigoureuses et leurs lois environnementales, rigoureuses \u00e9galement.<\/p>\n<p>Les solutions du Parti vert sont rationnelles parce que le Parti vert, contrairement aux autres partis, comprend les limites \u00e0 la croissance fond\u00e9es dans la science et \u00e9tablies par la capacit\u00e9 biotique de notre plan\u00e8te. Nous devons respecter ces limites. Autrement, nous \u00e9puiserons les ressources, d\u00e9graderons notre environnement et mettrons en p\u00e9ril notre \u00e9conomie, notre sant\u00e9 et l\u2019avenir de nos enfants. De nombreuses personnes trouvent difficile de positionner le Parti vert dans le spectre politique traditionnel. Nous croyons qu\u2019une \u00e9conomie durable passe par la saine gestion financi\u00e8re et le renforcement de notre \u00e9conomie. Cela veut-il dire que nous soyons \u00ab de droite \u00bb? Nous croyons que le gouvernement doive fournir des services sociaux essentiels tout en prot\u00e9geant notre environnement et les droits des femmes, des minorit\u00e9s et des personnes d\u00e9favoris\u00e9es. Cela fait-il de nous un parti \u00ab de gauche \u00bb? Pas du tout. Les gens per\u00e7oivent de plus en plus le Parti vert simplement comme le parti de l\u2019avenir.<\/p>\n<p>Une autre diff\u00e9rence importante distingue le Parti vert des autres partis. Nous ne ferons jamais passer la qu\u00eate du pouvoir avant les principes. Nous ne laisserons pas les politiques partisanes entraver les bonnes id\u00e9es et leur mise en \u0153uvre. Nous sommes d&#8217;accord avec les gens qui disent que le moment est venu pour tous les partis politiques de cesser leurs querelles et leurs man\u0153uvres et commencer \u00e0 faire preuve de leadership, \u00e0 lutter contre les changements climatiques et \u00e0 \u0153uvrer pour notre environnement, notre syst\u00e8me de sant\u00e9 et notre \u00e9conomie.<\/p>\n<p>Le Parti vert, fond\u00e9 en 1983, est aujourd\u2019hui un g\u00e9ant sur la sc\u00e8ne politique canadienne. Nous sommes un parti de la Chambre des communes qui compte actuellement deux d\u00e9put\u00e9s. Pr\u00e8s d\u2019un million de Canadiennes et de Canadiens ont vot\u00e9 vert \u00e0 l\u2019\u00e9lection f\u00e9d\u00e9rale de 2008. Plus d\u2019une personne sur dix se dit aujourd\u2019hui pr\u00eate \u00e0 voter vert.<\/p>\n<p>Les grandes orientations strat\u00e9giques vertes sont synonymes de cr\u00e9ation d\u2019emplois, de temps de qualit\u00e9 avec nos familles et d\u2019un monde habitable aujourd\u2019hui et demain, pour nos enfants et les g\u00e9n\u00e9rations futures.<\/p>\n<p>Nous soutiendrons une soci\u00e9t\u00e9 dans laquelle l\u2019obligation de gagner sa vie ne l\u2019emportera pas sur vivre; o\u00f9 avoir plus ne supplantera pas \u00eatre plus.<\/p>\n<p>Nous croyons que le r\u00f4le des gouvernements est de favoriser l\u2019\u00e9quit\u00e9 et l\u2019\u00e9galit\u00e9 dans les aspects sociaux comme la nutrition, l\u2019\u00e9ducation et la justice. Nous voulons \u0153uvrer pour vous au sein d\u2019un gouvernement qui\u00a0:<\/p>\n<ul>\n<li>encourage la cr\u00e9ativit\u00e9, la diligence, la g\u00e9n\u00e9rosit\u00e9 et la durabilit\u00e9<\/li>\n<li>prot\u00e8ge le faible<\/li>\n<li>r\u00e9glemente la conduite des entreprises pour atteindre ces buts.<\/li>\n<\/ul>\n<p>Gr\u00e2ce \u00e0 notre Vision verte, les Canadiennes et les Canadiens auront une meilleure qualit\u00e9 de vie o\u00f9 ils conna\u00eetront la sant\u00e9 et le bien-\u00eatre, l\u2019\u00e9ducation et un travail significatif, la prosp\u00e9rit\u00e9 et la r\u00e9ussite \u00e9conomique, et ce, dans le respect de la sant\u00e9 \u00e9cologique.<\/p>\n<p>Dans notre vision du Canada, la capacit\u00e9 ou le handicap, le cadre \u00e9conomique, la race et la culture n\u2019emp\u00eacheront personne de contribuer \u00e0 la prosp\u00e9rit\u00e9 du Canada ou d\u2019en tirer parti.<\/p>\n<p>Les collectivit\u00e9s canadiennes \u2013 urbaines et rurales \u2013 prosp\u00e8reront gr\u00e2ce \u00e0 notre Vision verte, y compris les collectivit\u00e9s d\u00e9pendantes des p\u00eaches, des for\u00eats et de l\u2019agriculture.<\/p>\n<p>Le Canada est destin\u00e9 \u00e0 jouer un r\u00f4le positif dans le monde, collaborant avec les gouvernements, au Nord comme au Sud, pour assurer l\u2019\u00e9galit\u00e9, la paix et la s\u00e9curit\u00e9 mondiales.<\/p>\n<p>\u00ab\u00a0L&#8217;\u00e9poque de la procrastination, des retards et des demi-mesures ax\u00e9es sur des exp\u00e9dients rassurants et d\u00e9concertants tire \u00e0 sa fin. Nous entrons d\u00e9sormais dans l\u2019\u00e8re des cons\u00e9quences.\u00a0\u00bb<\/p>\n<p>Sir Winston Churchill<\/p>\n<p>Dans son dernier livre, Retour \u00e0 l\u2019\u00e2ge des t\u00e9n\u00e8bres, l\u2019urbaniste et auteure canadienne de renom Jane Jacobs \u00e9crit que cinq piliers de notre civilisation et de notre culture sont actuellement menac\u00e9s. Elle \u00e9crit \u00e9galement que les politiques gouvernementales contribuent aux \u00ab signes inqui\u00e9tants de d\u00e9clin \u00bb par l\u2019\u00e9rosion constante de la famille, de la communaut\u00e9 et de l\u2019\u00e9ducation. Elle pr\u00e9vient que la famille, la communaut\u00e9 et l\u2019enseignement sup\u00e9rieur, tout comme la rigueur de la science et la bonne fiscalit\u00e9, sont \u00ab en voie de devenir inutiles et ainsi dangereusement proches de la perte de m\u00e9moire et de la vacuit\u00e9 culturelle \u00bb.<\/p>\n<p>C\u2019est ce que nous ressentons au plus profond de nous-m\u00eames. Toutefois, quel parti politique tient compte de cette menace?<\/p>\n<p>Des politiques r\u00e9alistes dans un monde r\u00e9el peuvent nous orienter vers un avenir meilleur. \u00c0 l\u2019inverse, des politiques m\u00e9diocres, mal con\u00e7ues, reposant sur une vision bancale, et mises en \u0153uvre de fa\u00e7on impr\u00e9cise risqueraient de laisser \u00e0 nos enfants et \u00e0 leurs enfants un monde invivable. Le Parti vert croit que des am\u00e9liorations peuvent \u00eatre faites imm\u00e9diatement tout en reconnaissant que la planification \u00e0 long terme est indispensable pour donner la chance aux g\u00e9n\u00e9rations futures d\u2019en b\u00e9n\u00e9ficier.<\/p>\n<p>Voici le plan du Parti vert pour le Canada. Voici les mesures que nous prendrons lorsque nous formerons le gouvernement. Voici les politiques que nous pr\u00e9senterons d\u2019ici l\u00e0 aux autres partis. Nous travaillerons en \u00e9troite collaboration avec la Chambre des communes pour modifier les priorit\u00e9s et promouvoir ces id\u00e9es novatrices dont l\u2019heure est venue.<\/p>\n<p>\u00ab Il n&#8217;est rien au monde d&#8217;aussi puissant qu&#8217;une id\u00e9e dont l&#8217;heure est venue. \u00bb<\/p>\n<p>Victor Hugo<\/p>\n<p>Nous commen\u00e7ons avec une vision de la soci\u00e9t\u00e9 que nous voulons.<\/p>\n<ul>\n<li>Cela sert-il l\u2019int\u00e9r\u00eat commun?<\/li>\n<li>Cela am\u00e9liore-t-il la paix et la s\u00e9curit\u00e9 mondiales?<\/li>\n<li>Cela r\u00e9pond-il aux besoins des enfants?<\/li>\n<li>Cela permet-il au Canada de pr\u00e9server sa qualit\u00e9 de vie et sa sant\u00e9 \u00e9conomique?<\/li>\n<li>Cela prot\u00e8ge-t-il les familles?<\/li>\n<li>Cela permet-il de prot\u00e9ger, d\u2019am\u00e9liorer et de restaurer les syst\u00e8mes entretenant la vie de la plan\u00e8te?<\/li>\n<li>Cela favorise-t-il des syst\u00e8mes \u2013 culturels, institutionnels et technologiques \u2013 r\u00e9silients et capables de s\u2019adapter aux traumatismes d\u2019un monde moins pr\u00e9visible?<\/li>\n<\/ul>\n<p>Le gouvernement vert abandonnera le bagage d\u2019id\u00e9es politiques actuelles qui sont plut\u00f4t stagnantes. Les verts laisseront les partis de la vieille garde \u00e0 leurs rivalit\u00e9s de clocher \u00e0 la fine pointe du statu quo.<\/p>\n<p>Nous avons une vision. Avec votre aide, nous pourrons la r\u00e9aliser.<\/p>\n<p>\u00ab\u00a0Quand il n\u2019y a point de vision, le peuple est sans freins.\u00a0\u00bb<\/p>\n<p>Proverbes, Testament h\u00e9breu<\/p>\n<p>Comment envisageons-nous le Canada en 2020? Comment concr\u00e9tiserons-nous cette vision?<\/p>\n<p>Le Parti vert a une vision positive du Canada, aujourd\u2019hui et pour l\u2019avenir.<\/p>\n<p><a href=\"\/fr\/vision-green\/p1\">Premi\u00e8re partie : L\u2019\u00e9conomie verte<\/a><br \/>\n<a href=\"\/fr\/vision-green\/p2\">Deuxi\u00e8me partie : Faire face au d\u00e9fi du r\u00e9chauffement climatique : am\u00e9liorer la performance \u00e9conomique tout en pr\u00e9servant notre avenir<\/a><br \/>\n<a href=\"\/fr\/vision-green\/p3\">Troisi\u00e8me partie : Pr\u00e9server et restaurer l\u2019environnement<\/a><br \/>\n<a href=\"\/fr\/vision-green\/p4\">Quatri\u00e8me partie : Les gens<\/a><br \/>\n<a href=\"\/fr\/vision-green\/p5\">Cinqui\u00e8me partie : La plan\u00e8te a besoin du Canada (et vice-versa)<\/a><br \/>\n<a href=\"\/fr\/vision-green\/p6\">Sixi\u00e8me partie : Bon gouvernement<\/a><br \/>\n<a href=\"http:\/\/elizabethmaymp.ca\/fr\/vision-green\/conclusion\/\">Conclusion<\/a><\/p>\n<\/div>\n<p><\/p>","protected":false},"excerpt":{"rendered":"<p>Avant-propos En 2006, la chef adjointe de l\u2019\u00e9poque, Adriane Carr, et moi-m\u00eame voulions cr\u00e9er un document de fondement des politiques du Parti vert. En travaillant avec les membres&hellip;<\/p>\n","protected":false},"author":3,"featured_media":0,"parent":0,"menu_order":0,"comment_status":"closed","ping_status":"open","template":"","meta":{"_acf_changed":false,"_price":"","_stock":"","_tribe_ticket_header":"","_tribe_default_ticket_provider":"","_tribe_ticket_capacity":"","_ticket_start_date":"","_ticket_end_date":"","_tribe_ticket_show_description":"","_tribe_ticket_show_not_going":false,"_tribe_ticket_use_global_stock":"","_tribe_ticket_global_stock_level":"","_global_stock_mode":"","_global_stock_cap":"","_tribe_rsvp_for_event":"","_tribe_ticket_going_count":"","_tribe_ticket_not_going_count":"","_tribe_tickets_list":"[]","_tribe_ticket_has_attendee_info_fields":false,"footnotes":"","_tec_slr_enabled":"","_tec_slr_layout":""},"class_list":["post-1170","page","type-page","status-publish","hentry"],"acf":[],"yoast_head":"<!-- This site is optimized with the Yoast SEO plugin v27.4 - https:\/\/yoast.com\/product\/yoast-seo-wordpress\/ -->\n<title>Vision verte | Elizabeth May<\/title>\n<meta name=\"robots\" content=\"index, follow, max-snippet:-1, max-image-preview:large, max-video-preview:-1\" \/>\n<link rel=\"canonical\" href=\"https:\/\/elizabethmaymp.ca\/fr\/vision-green\/\" \/>\n<meta property=\"og:locale\" content=\"en_US\" \/>\n<meta property=\"og:type\" content=\"article\" \/>\n<meta property=\"og:title\" content=\"Vision verte | Elizabeth May\" \/>\n<meta property=\"og:description\" content=\"Avant-propos En 2006, la chef adjointe de l\u2019\u00e9poque, Adriane Carr, et moi-m\u00eame voulions cr\u00e9er un document de fondement des politiques du Parti vert. En travaillant avec les membres&hellip;\" \/>\n<meta property=\"og:url\" content=\"https:\/\/elizabethmaymp.ca\/fr\/vision-green\/\" \/>\n<meta property=\"og:site_name\" content=\"Elizabeth May\" \/>\n<meta property=\"article:publisher\" content=\"https:\/\/www.facebook.com\/ElizabethMayMP\" \/>\n<meta property=\"article:modified_time\" content=\"2017-08-25T20:17:25+00:00\" \/>\n<meta property=\"og:image\" content=\"http:\/\/elizabethmaymp.ca\/wp-content\/uploads\/2008-09-15_vision-green-279x300.png\" \/>\n<meta name=\"twitter:card\" content=\"summary_large_image\" \/>\n<meta name=\"twitter:site\" content=\"@elizabethmay\" \/>\n<meta name=\"twitter:label1\" content=\"Est. reading time\" \/>\n\t<meta name=\"twitter:data1\" content=\"19 minutes\" \/>\n<script type=\"application\/ld+json\" class=\"yoast-schema-graph\">{\"@context\":\"https:\\\/\\\/schema.org\",\"@graph\":[{\"@type\":\"WebPage\",\"@id\":\"https:\\\/\\\/elizabethmaymp.ca\\\/fr\\\/vision-green\\\/\",\"url\":\"https:\\\/\\\/elizabethmaymp.ca\\\/fr\\\/vision-green\\\/\",\"name\":\"Vision GreenVision verte | Elizabeth May\",\"isPartOf\":{\"@id\":\"https:\\\/\\\/elizabethmaymp.ca\\\/fr\\\/#website\"},\"primaryImageOfPage\":{\"@id\":\"https:\\\/\\\/elizabethmaymp.ca\\\/fr\\\/vision-green\\\/#primaryimage\"},\"image\":{\"@id\":\"https:\\\/\\\/elizabethmaymp.ca\\\/vision-green\\\/#primaryimage\"},\"thumbnailUrl\":\"http:\\\/\\\/elizabethmaymp.ca\\\/wp-content\\\/uploads\\\/2008-09-15_vision-green-279x300.png\",\"datePublished\":\"2011-11-29T15:46:35+00:00\",\"dateModified\":\"2017-08-25T20:17:25+00:00\",\"breadcrumb\":{\"@id\":\"https:\\\/\\\/elizabethmaymp.ca\\\/fr\\\/vision-green\\\/#breadcrumb\"},\"inLanguage\":\"en-US\",\"potentialAction\":[{\"@type\":\"ReadAction\",\"target\":[[\"https:\\\/\\\/elizabethmaymp.ca\\\/fr\\\/vision-green\\\/\"]]}]},{\"@type\":\"ImageObject\",\"inLanguage\":\"en-US\",\"@id\":\"https:\\\/\\\/elizabethmaymp.ca\\\/fr\\\/vision-green\\\/#primaryimage\",\"url\":\"http:\\\/\\\/elizabethmaymp.ca\\\/wp-content\\\/uploads\\\/2008-09-15_vision-green-279x300.png\",\"contentUrl\":\"http:\\\/\\\/elizabethmaymp.ca\\\/wp-content\\\/uploads\\\/2008-09-15_vision-green-279x300.png\"},{\"@type\":\"BreadcrumbList\",\"@id\":\"https:\\\/\\\/elizabethmaymp.ca\\\/fr\\\/vision-green\\\/#breadcrumb\",\"itemListElement\":[{\"@type\":\"ListItem\",\"position\":1,\"name\":\"Home\",\"item\":\"https:\\\/\\\/elizabethmaymp.ca\\\/fr\\\/\"},{\"@type\":\"ListItem\",\"position\":2,\"name\":\"Vision Green\"}]},{\"@type\":\"WebSite\",\"@id\":\"https:\\\/\\\/elizabethmaymp.ca\\\/fr\\\/#website\",\"url\":\"https:\\\/\\\/elizabethmaymp.ca\\\/fr\\\/\",\"name\":\"Elizabeth May\",\"description\":\"MP for Saanich and Gulf Islands\",\"publisher\":{\"@id\":\"https:\\\/\\\/elizabethmaymp.ca\\\/fr\\\/#organization\"},\"potentialAction\":[{\"@type\":\"SearchAction\",\"target\":{\"@type\":\"EntryPoint\",\"urlTemplate\":\"https:\\\/\\\/elizabethmaymp.ca\\\/fr\\\/?s={search_term_string}\"},\"query-input\":{\"@type\":\"PropertyValueSpecification\",\"valueRequired\":true,\"valueName\":\"search_term_string\"}}],\"inLanguage\":\"en-US\"},{\"@type\":\"Organization\",\"@id\":\"https:\\\/\\\/elizabethmaymp.ca\\\/fr\\\/#organization\",\"name\":\"Elizabeth May MP\",\"url\":\"https:\\\/\\\/elizabethmaymp.ca\\\/fr\\\/\",\"logo\":{\"@type\":\"ImageObject\",\"inLanguage\":\"en-US\",\"@id\":\"https:\\\/\\\/elizabethmaymp.ca\\\/fr\\\/#\\\/schema\\\/logo\\\/image\\\/\",\"url\":\"https:\\\/\\\/elizabethmaymp.ca\\\/wp-content\\\/uploads\\\/elizabethmay-button.png\",\"contentUrl\":\"https:\\\/\\\/elizabethmaymp.ca\\\/wp-content\\\/uploads\\\/elizabethmay-button.png\",\"width\":1501,\"height\":1501,\"caption\":\"Elizabeth May MP\"},\"image\":{\"@id\":\"https:\\\/\\\/elizabethmaymp.ca\\\/fr\\\/#\\\/schema\\\/logo\\\/image\\\/\"},\"sameAs\":[\"https:\\\/\\\/www.facebook.com\\\/ElizabethMayMP\",\"https:\\\/\\\/x.com\\\/elizabethmay\"]}]}<\/script>\n<!-- \/ Yoast SEO plugin. -->","yoast_head_json":{"title":"Vision verte | Elizabeth May","robots":{"index":"index","follow":"follow","max-snippet":"max-snippet:-1","max-image-preview":"max-image-preview:large","max-video-preview":"max-video-preview:-1"},"canonical":"https:\/\/elizabethmaymp.ca\/fr\/vision-green\/","og_locale":"en_US","og_type":"article","og_title":"Vision verte | Elizabeth May","og_description":"Avant-propos En 2006, la chef adjointe de l\u2019\u00e9poque, Adriane Carr, et moi-m\u00eame voulions cr\u00e9er un document de fondement des politiques du Parti vert. En travaillant avec les membres&hellip;","og_url":"https:\/\/elizabethmaymp.ca\/fr\/vision-green\/","og_site_name":"Elizabeth May","article_publisher":"https:\/\/www.facebook.com\/ElizabethMayMP","article_modified_time":"2017-08-25T20:17:25+00:00","og_image":[{"url":"http:\/\/elizabethmaymp.ca\/wp-content\/uploads\/2008-09-15_vision-green-279x300.png","type":"","width":"","height":""}],"twitter_card":"summary_large_image","twitter_site":"@elizabethmay","twitter_misc":{"Est. reading time":"19 minutes"},"schema":{"@context":"https:\/\/schema.org","@graph":[{"@type":"WebPage","@id":"https:\/\/elizabethmaymp.ca\/fr\/vision-green\/","url":"https:\/\/elizabethmaymp.ca\/fr\/vision-green\/","name":"Vision GreenVision verte | Elizabeth May","isPartOf":{"@id":"https:\/\/elizabethmaymp.ca\/fr\/#website"},"primaryImageOfPage":{"@id":"https:\/\/elizabethmaymp.ca\/fr\/vision-green\/#primaryimage"},"image":{"@id":"https:\/\/elizabethmaymp.ca\/vision-green\/#primaryimage"},"thumbnailUrl":"http:\/\/elizabethmaymp.ca\/wp-content\/uploads\/2008-09-15_vision-green-279x300.png","datePublished":"2011-11-29T15:46:35+00:00","dateModified":"2017-08-25T20:17:25+00:00","breadcrumb":{"@id":"https:\/\/elizabethmaymp.ca\/fr\/vision-green\/#breadcrumb"},"inLanguage":"en-US","potentialAction":[{"@type":"ReadAction","target":[["https:\/\/elizabethmaymp.ca\/fr\/vision-green\/"]]}]},{"@type":"ImageObject","inLanguage":"en-US","@id":"https:\/\/elizabethmaymp.ca\/fr\/vision-green\/#primaryimage","url":"http:\/\/elizabethmaymp.ca\/wp-content\/uploads\/2008-09-15_vision-green-279x300.png","contentUrl":"http:\/\/elizabethmaymp.ca\/wp-content\/uploads\/2008-09-15_vision-green-279x300.png"},{"@type":"BreadcrumbList","@id":"https:\/\/elizabethmaymp.ca\/fr\/vision-green\/#breadcrumb","itemListElement":[{"@type":"ListItem","position":1,"name":"Home","item":"https:\/\/elizabethmaymp.ca\/fr\/"},{"@type":"ListItem","position":2,"name":"Vision Green"}]},{"@type":"WebSite","@id":"https:\/\/elizabethmaymp.ca\/fr\/#website","url":"https:\/\/elizabethmaymp.ca\/fr\/","name":"Elizabeth May","description":"MP for Saanich and Gulf Islands","publisher":{"@id":"https:\/\/elizabethmaymp.ca\/fr\/#organization"},"potentialAction":[{"@type":"SearchAction","target":{"@type":"EntryPoint","urlTemplate":"https:\/\/elizabethmaymp.ca\/fr\/?s={search_term_string}"},"query-input":{"@type":"PropertyValueSpecification","valueRequired":true,"valueName":"search_term_string"}}],"inLanguage":"en-US"},{"@type":"Organization","@id":"https:\/\/elizabethmaymp.ca\/fr\/#organization","name":"Elizabeth May MP","url":"https:\/\/elizabethmaymp.ca\/fr\/","logo":{"@type":"ImageObject","inLanguage":"en-US","@id":"https:\/\/elizabethmaymp.ca\/fr\/#\/schema\/logo\/image\/","url":"https:\/\/elizabethmaymp.ca\/wp-content\/uploads\/elizabethmay-button.png","contentUrl":"https:\/\/elizabethmaymp.ca\/wp-content\/uploads\/elizabethmay-button.png","width":1501,"height":1501,"caption":"Elizabeth May MP"},"image":{"@id":"https:\/\/elizabethmaymp.ca\/fr\/#\/schema\/logo\/image\/"},"sameAs":["https:\/\/www.facebook.com\/ElizabethMayMP","https:\/\/x.com\/elizabethmay"]}]}},"ticketed":false,"_links":{"self":[{"href":"https:\/\/elizabethmaymp.ca\/fr\/wp-json\/wp\/v2\/pages\/1170","targetHints":{"allow":["GET"]}}],"collection":[{"href":"https:\/\/elizabethmaymp.ca\/fr\/wp-json\/wp\/v2\/pages"}],"about":[{"href":"https:\/\/elizabethmaymp.ca\/fr\/wp-json\/wp\/v2\/types\/page"}],"author":[{"embeddable":true,"href":"https:\/\/elizabethmaymp.ca\/fr\/wp-json\/wp\/v2\/users\/3"}],"replies":[{"embeddable":true,"href":"https:\/\/elizabethmaymp.ca\/fr\/wp-json\/wp\/v2\/comments?post=1170"}],"version-history":[{"count":18,"href":"https:\/\/elizabethmaymp.ca\/fr\/wp-json\/wp\/v2\/pages\/1170\/revisions"}],"predecessor-version":[{"id":18794,"href":"https:\/\/elizabethmaymp.ca\/fr\/wp-json\/wp\/v2\/pages\/1170\/revisions\/18794"}],"wp:attachment":[{"href":"https:\/\/elizabethmaymp.ca\/fr\/wp-json\/wp\/v2\/media?parent=1170"}],"curies":[{"name":"wp","href":"https:\/\/api.w.org\/{rel}","templated":true}]}}