{"id":137,"date":"2011-06-21T16:42:09","date_gmt":"2011-06-21T16:42:09","guid":{"rendered":"http:\/\/elizabethmaymp.westcoastdesignco.org\/?page_id=137"},"modified":"2023-01-18T11:59:04","modified_gmt":"2023-01-18T19:59:04","slug":"get-involved","status":"publish","type":"page","link":"https:\/\/elizabethmaymp.ca\/fr\/get-involved\/","title":{"rendered":"Signer une p\u00e9tition"},"content":{"rendered":"<p>Il existe un certain nombre de possibilit\u00e9s pour mener une vie active sur le plan politique et au sein de votre collectivit\u00e9. Jetez un coup d&#8217;\u0153il aux liens ci apr\u00e8s pour voir comment faire une diff\u00e9rence!<\/p>\n<h3>P\u00e9titions<\/h3>\n<ul>\n<li><a href=\"https:\/\/petitions.noscommunes.ca\/fr\/Petition\/Details?Petition=e-3847\">D\u00e9contaminer imm\u00e9diatement les installations de recyclage de G&amp;R \u00e0 Kanesatake (ouverte jusqu&#8217;au 17 juin)<\/a><\/li>\n<\/ul>\n<p><strong>Consignes pour cr\u00e9er une p\u00e9tition<\/strong><\/p>\n<ol type=\"1\">\n<li>La p\u00e9tition doit comporter uniquement des signatures de citoyens et citoyennes du Canada.<\/li>\n<li>Il n\u2019y a pas d\u2019\u00e2ge minimum pour signer une p\u00e9tition.<\/li>\n<li>Chaque p\u00e9titionnaire doit signer son nom directement sur la p\u00e9tition et non l\u2019\u00e9crire en lettres moul\u00e9es.<\/li>\n<li>Si un p\u00e9titionnaire ne peut signer son nom lui-m\u00eame en raison d\u2019une maladie ou d\u2019un handicap, la chose doit \u00eatre signal\u00e9e dans une note sur la p\u00e9tition, et la note doit \u00eatre sign\u00e9e par un t\u00e9moin. Sauf pour cette exception, un p\u00e9titionnaire peut signer uniquement en son propre nom.<\/li>\n<li>Les signatures figurant sur la p\u00e9tition doivent \u00eatre originales et \u00eatre \u00e9crites directement sur le document, et non y \u00eatre maintenues par de la colle ou du ruban adh\u00e9sif, y \u00eatre photocopi\u00e9es ou y \u00eatre reproduites par d\u2019autres moyens.<\/li>\n<\/ol>\n<p>Pri\u00e8re de retourner toutes les p\u00e9titions sign\u00e9es, sans timbre, \u00e0 :<\/p>\n<blockquote><p>Elizabeth May, d\u00e9put\u00e9e<br \/>\n349, \u00e9difice de la Conf\u00e9d\u00e9ration<br \/>\nChambre des communes<br \/>\nOttawa (Ontario) K1A 0A6<\/p><\/blockquote>\n<p>Si vous avez des questions, veuillez consultez <a href=\"https:\/\/petitions.noscommunes.ca\/fr\/Petition\/Search\">le site-web des p\u00e9titions du parliament du Canada<\/a>.<\/p>","protected":false},"excerpt":{"rendered":"<p>Il existe un certain nombre de possibilit\u00e9s pour mener une vie active sur le plan politique et au sein de votre collectivit\u00e9. Jetez un coup d&#8217;\u0153il aux liens&hellip;<\/p>\n","protected":false},"author":1,"featured_media":24434,"parent":0,"menu_order":8,"comment_status":"closed","ping_status":"closed","template":"","meta":{"_acf_changed":false,"_price":"","_stock":"","_tribe_ticket_header":"","_tribe_default_ticket_provider":"","_tribe_ticket_capacity":"0","_ticket_start_date":"","_ticket_end_date":"","_tribe_ticket_show_description":"","_tribe_ticket_show_not_going":false,"_tribe_ticket_use_global_stock":"","_tribe_ticket_global_stock_level":"","_global_stock_mode":"","_global_stock_cap":"","_tribe_rsvp_for_event":"","_tribe_ticket_going_count":"","_tribe_ticket_not_going_count":"","_tribe_tickets_list":"[]","_tribe_ticket_has_attendee_info_fields":false,"footnotes":"","_tec_slr_enabled":"","_tec_slr_layout":""},"class_list":["post-137","page","type-page","status-publish","has-post-thumbnail","hentry"],"acf":[],"yoast_head":"<!-- This site is optimized with the Yoast SEO plugin v27.4 - https:\/\/yoast.com\/product\/yoast-seo-wordpress\/ -->\n<title>Signer une p\u00e9tition | Elizabeth May<\/title>\n<meta name=\"robots\" content=\"index, follow, max-snippet:-1, max-image-preview:large, max-video-preview:-1\" \/>\n<link rel=\"canonical\" href=\"https:\/\/elizabethmaymp.ca\/fr\/get-involved\/\" \/>\n<meta property=\"og:locale\" content=\"en_US\" \/>\n<meta property=\"og:type\" content=\"article\" \/>\n<meta property=\"og:title\" content=\"Signer une p\u00e9tition | Elizabeth May\" \/>\n<meta property=\"og:description\" content=\"Il existe un certain nombre de possibilit\u00e9s pour mener une vie active sur le plan politique et au sein de votre collectivit\u00e9. Jetez un coup d&#8217;\u0153il aux liens&hellip;\" \/>\n<meta property=\"og:url\" content=\"https:\/\/elizabethmaymp.ca\/fr\/get-involved\/\" \/>\n<meta property=\"og:site_name\" content=\"Elizabeth May\" \/>\n<meta property=\"article:publisher\" content=\"https:\/\/www.facebook.com\/ElizabethMayMP\" \/>\n<meta property=\"article:modified_time\" content=\"2023-01-18T19:59:04+00:00\" \/>\n<meta property=\"og:image\" content=\"https:\/\/elizabethmaymp.ca\/wp-content\/uploads\/Copy-of-2018-Jan-Visit-to-Fulford-Elementary.jpg\" \/>\n\t<meta property=\"og:image:width\" content=\"1000\" \/>\n\t<meta property=\"og:image:height\" content=\"667\" \/>\n\t<meta property=\"og:image:type\" content=\"image\/jpeg\" \/>\n<meta name=\"twitter:card\" content=\"summary_large_image\" \/>\n<meta name=\"twitter:site\" content=\"@elizabethmay\" \/>\n<meta name=\"twitter:label1\" content=\"Est. reading time\" \/>\n\t<meta name=\"twitter:data1\" content=\"2 minutes\" \/>\n<script type=\"application\/ld+json\" class=\"yoast-schema-graph\">{\"@context\":\"https:\\\/\\\/schema.org\",\"@graph\":[{\"@type\":\"WebPage\",\"@id\":\"https:\\\/\\\/elizabethmaymp.ca\\\/fr\\\/get-involved\\\/\",\"url\":\"https:\\\/\\\/elizabethmaymp.ca\\\/fr\\\/get-involved\\\/\",\"name\":\"Signer une p\u00e9tition | Elizabeth May\",\"isPartOf\":{\"@id\":\"https:\\\/\\\/elizabethmaymp.ca\\\/fr\\\/#website\"},\"primaryImageOfPage\":{\"@id\":\"https:\\\/\\\/elizabethmaymp.ca\\\/fr\\\/get-involved\\\/#primaryimage\"},\"image\":{\"@id\":\"https:\\\/\\\/elizabethmaymp.ca\\\/get-involved\\\/#primaryimage\"},\"thumbnailUrl\":\"https:\\\/\\\/elizabethmaymp.ca\\\/wp-content\\\/uploads\\\/Copy-of-2018-Jan-Visit-to-Fulford-Elementary.jpg\",\"datePublished\":\"2011-06-21T16:42:09+00:00\",\"dateModified\":\"2023-01-18T19:59:04+00:00\",\"breadcrumb\":{\"@id\":\"https:\\\/\\\/elizabethmaymp.ca\\\/fr\\\/get-involved\\\/#breadcrumb\"},\"inLanguage\":\"en-US\",\"potentialAction\":[{\"@type\":\"ReadAction\",\"target\":[[\"https:\\\/\\\/elizabethmaymp.ca\\\/fr\\\/get-involved\\\/\"]]}]},{\"@type\":\"ImageObject\",\"inLanguage\":\"en-US\",\"@id\":\"https:\\\/\\\/elizabethmaymp.ca\\\/fr\\\/get-involved\\\/#primaryimage\",\"url\":\"https:\\\/\\\/elizabethmaymp.ca\\\/wp-content\\\/uploads\\\/Copy-of-2018-Jan-Visit-to-Fulford-Elementary.jpg\",\"contentUrl\":\"https:\\\/\\\/elizabethmaymp.ca\\\/wp-content\\\/uploads\\\/Copy-of-2018-Jan-Visit-to-Fulford-Elementary.jpg\",\"width\":1000,\"height\":667},{\"@type\":\"BreadcrumbList\",\"@id\":\"https:\\\/\\\/elizabethmaymp.ca\\\/fr\\\/get-involved\\\/#breadcrumb\",\"itemListElement\":[{\"@type\":\"ListItem\",\"position\":1,\"name\":\"Home\",\"item\":\"https:\\\/\\\/elizabethmaymp.ca\\\/fr\\\/\"},{\"@type\":\"ListItem\",\"position\":2,\"name\":\"Petitions\"}]},{\"@type\":\"WebSite\",\"@id\":\"https:\\\/\\\/elizabethmaymp.ca\\\/fr\\\/#website\",\"url\":\"https:\\\/\\\/elizabethmaymp.ca\\\/fr\\\/\",\"name\":\"Elizabeth May\",\"description\":\"MP for Saanich and Gulf Islands\",\"publisher\":{\"@id\":\"https:\\\/\\\/elizabethmaymp.ca\\\/fr\\\/#organization\"},\"potentialAction\":[{\"@type\":\"SearchAction\",\"target\":{\"@type\":\"EntryPoint\",\"urlTemplate\":\"https:\\\/\\\/elizabethmaymp.ca\\\/fr\\\/?s={search_term_string}\"},\"query-input\":{\"@type\":\"PropertyValueSpecification\",\"valueRequired\":true,\"valueName\":\"search_term_string\"}}],\"inLanguage\":\"en-US\"},{\"@type\":\"Organization\",\"@id\":\"https:\\\/\\\/elizabethmaymp.ca\\\/fr\\\/#organization\",\"name\":\"Elizabeth May MP\",\"url\":\"https:\\\/\\\/elizabethmaymp.ca\\\/fr\\\/\",\"logo\":{\"@type\":\"ImageObject\",\"inLanguage\":\"en-US\",\"@id\":\"https:\\\/\\\/elizabethmaymp.ca\\\/fr\\\/#\\\/schema\\\/logo\\\/image\\\/\",\"url\":\"https:\\\/\\\/elizabethmaymp.ca\\\/wp-content\\\/uploads\\\/elizabethmay-button.png\",\"contentUrl\":\"https:\\\/\\\/elizabethmaymp.ca\\\/wp-content\\\/uploads\\\/elizabethmay-button.png\",\"width\":1501,\"height\":1501,\"caption\":\"Elizabeth May MP\"},\"image\":{\"@id\":\"https:\\\/\\\/elizabethmaymp.ca\\\/fr\\\/#\\\/schema\\\/logo\\\/image\\\/\"},\"sameAs\":[\"https:\\\/\\\/www.facebook.com\\\/ElizabethMayMP\",\"https:\\\/\\\/x.com\\\/elizabethmay\"]}]}<\/script>\n<!-- \/ Yoast SEO plugin. -->","yoast_head_json":{"title":"Signer une p\u00e9tition | Elizabeth May","robots":{"index":"index","follow":"follow","max-snippet":"max-snippet:-1","max-image-preview":"max-image-preview:large","max-video-preview":"max-video-preview:-1"},"canonical":"https:\/\/elizabethmaymp.ca\/fr\/get-involved\/","og_locale":"en_US","og_type":"article","og_title":"Signer une p\u00e9tition | Elizabeth May","og_description":"Il existe un certain nombre de possibilit\u00e9s pour mener une vie active sur le plan politique et au sein de votre collectivit\u00e9. Jetez un coup d&#8217;\u0153il aux liens&hellip;","og_url":"https:\/\/elizabethmaymp.ca\/fr\/get-involved\/","og_site_name":"Elizabeth May","article_publisher":"https:\/\/www.facebook.com\/ElizabethMayMP","article_modified_time":"2023-01-18T19:59:04+00:00","og_image":[{"width":1000,"height":667,"url":"https:\/\/elizabethmaymp.ca\/wp-content\/uploads\/Copy-of-2018-Jan-Visit-to-Fulford-Elementary.jpg","type":"image\/jpeg"}],"twitter_card":"summary_large_image","twitter_site":"@elizabethmay","twitter_misc":{"Est. reading time":"2 minutes"},"schema":{"@context":"https:\/\/schema.org","@graph":[{"@type":"WebPage","@id":"https:\/\/elizabethmaymp.ca\/fr\/get-involved\/","url":"https:\/\/elizabethmaymp.ca\/fr\/get-involved\/","name":"Signer une p\u00e9tition | Elizabeth May","isPartOf":{"@id":"https:\/\/elizabethmaymp.ca\/fr\/#website"},"primaryImageOfPage":{"@id":"https:\/\/elizabethmaymp.ca\/fr\/get-involved\/#primaryimage"},"image":{"@id":"https:\/\/elizabethmaymp.ca\/get-involved\/#primaryimage"},"thumbnailUrl":"https:\/\/elizabethmaymp.ca\/wp-content\/uploads\/Copy-of-2018-Jan-Visit-to-Fulford-Elementary.jpg","datePublished":"2011-06-21T16:42:09+00:00","dateModified":"2023-01-18T19:59:04+00:00","breadcrumb":{"@id":"https:\/\/elizabethmaymp.ca\/fr\/get-involved\/#breadcrumb"},"inLanguage":"en-US","potentialAction":[{"@type":"ReadAction","target":[["https:\/\/elizabethmaymp.ca\/fr\/get-involved\/"]]}]},{"@type":"ImageObject","inLanguage":"en-US","@id":"https:\/\/elizabethmaymp.ca\/fr\/get-involved\/#primaryimage","url":"https:\/\/elizabethmaymp.ca\/wp-content\/uploads\/Copy-of-2018-Jan-Visit-to-Fulford-Elementary.jpg","contentUrl":"https:\/\/elizabethmaymp.ca\/wp-content\/uploads\/Copy-of-2018-Jan-Visit-to-Fulford-Elementary.jpg","width":1000,"height":667},{"@type":"BreadcrumbList","@id":"https:\/\/elizabethmaymp.ca\/fr\/get-involved\/#breadcrumb","itemListElement":[{"@type":"ListItem","position":1,"name":"Home","item":"https:\/\/elizabethmaymp.ca\/fr\/"},{"@type":"ListItem","position":2,"name":"Petitions"}]},{"@type":"WebSite","@id":"https:\/\/elizabethmaymp.ca\/fr\/#website","url":"https:\/\/elizabethmaymp.ca\/fr\/","name":"Elizabeth May","description":"MP for Saanich and Gulf Islands","publisher":{"@id":"https:\/\/elizabethmaymp.ca\/fr\/#organization"},"potentialAction":[{"@type":"SearchAction","target":{"@type":"EntryPoint","urlTemplate":"https:\/\/elizabethmaymp.ca\/fr\/?s={search_term_string}"},"query-input":{"@type":"PropertyValueSpecification","valueRequired":true,"valueName":"search_term_string"}}],"inLanguage":"en-US"},{"@type":"Organization","@id":"https:\/\/elizabethmaymp.ca\/fr\/#organization","name":"Elizabeth May MP","url":"https:\/\/elizabethmaymp.ca\/fr\/","logo":{"@type":"ImageObject","inLanguage":"en-US","@id":"https:\/\/elizabethmaymp.ca\/fr\/#\/schema\/logo\/image\/","url":"https:\/\/elizabethmaymp.ca\/wp-content\/uploads\/elizabethmay-button.png","contentUrl":"https:\/\/elizabethmaymp.ca\/wp-content\/uploads\/elizabethmay-button.png","width":1501,"height":1501,"caption":"Elizabeth May MP"},"image":{"@id":"https:\/\/elizabethmaymp.ca\/fr\/#\/schema\/logo\/image\/"},"sameAs":["https:\/\/www.facebook.com\/ElizabethMayMP","https:\/\/x.com\/elizabethmay"]}]}},"ticketed":false,"_links":{"self":[{"href":"https:\/\/elizabethmaymp.ca\/fr\/wp-json\/wp\/v2\/pages\/137","targetHints":{"allow":["GET"]}}],"collection":[{"href":"https:\/\/elizabethmaymp.ca\/fr\/wp-json\/wp\/v2\/pages"}],"about":[{"href":"https:\/\/elizabethmaymp.ca\/fr\/wp-json\/wp\/v2\/types\/page"}],"author":[{"embeddable":true,"href":"https:\/\/elizabethmaymp.ca\/fr\/wp-json\/wp\/v2\/users\/1"}],"replies":[{"embeddable":true,"href":"https:\/\/elizabethmaymp.ca\/fr\/wp-json\/wp\/v2\/comments?post=137"}],"version-history":[{"count":346,"href":"https:\/\/elizabethmaymp.ca\/fr\/wp-json\/wp\/v2\/pages\/137\/revisions"}],"predecessor-version":[{"id":26908,"href":"https:\/\/elizabethmaymp.ca\/fr\/wp-json\/wp\/v2\/pages\/137\/revisions\/26908"}],"wp:featuredmedia":[{"embeddable":true,"href":"https:\/\/elizabethmaymp.ca\/fr\/wp-json\/wp\/v2\/media\/24434"}],"wp:attachment":[{"href":"https:\/\/elizabethmaymp.ca\/fr\/wp-json\/wp\/v2\/media?parent=137"}],"curies":[{"name":"wp","href":"https:\/\/api.w.org\/{rel}","templated":true}]}}