{"id":2,"date":"2011-06-15T12:13:24","date_gmt":"2011-06-15T12:13:24","guid":{"rendered":"http:\/\/elizabethmaymp.westcoastdesignco.org\/?page_id=2"},"modified":"2026-02-26T09:53:16","modified_gmt":"2026-02-26T17:53:16","slug":"home","status":"publish","type":"page","link":"https:\/\/elizabethmaymp.ca\/fr\/","title":{"rendered":"Accueil"},"content":{"rendered":"<p>En savoir plus<\/a>\n                <\/p>\n            <\/div>\n        <\/div>\n        <div class='issuebox'>\n            <div class='issue-photo' style='background-image: url(https:\/\/elizabethmaymp.ca\/wp-content\/uploads\/Press-Con-1.png); background-position: bottom center; background-size: cover;'>\n                <div class='tint' style='background-color: rgba(51474);'>\n                    <h3 class='issue_title'>Mouillage des navires<\/h3>\n                <\/div>\n            <\/div>\n            <div class='issue_text'>\n                <p class='issue_text'>Prot\u00e9ger l\u2019\u00e9cosyst\u00e8me fragile de la mer des Salish.<br>\n                    <a class='issue_link' href='https:\/\/www.youtube.com\/watch?v=k_kgboopxLY' target=\"_blank\" rel=\"noopener noreferrer\">En savoir plus<\/a>\n                <\/p>\n            <\/div>\n        <\/div>\n        <div class='issuebox'>\n            <div class='issue-photo' style='background-image: url(https:\/\/elizabethmaymp.ca\/wp-content\/uploads\/Untitled-design.png); background-position: bottom center; background-size: contain;'>\n                <div class='tint' style='background-color: rgba(51474);'>\n                    <h3 class='issue_title'>Objectifs verts<\/h3>\n                <\/div>\n            <\/div>\n            <div class='issue_text'>\n                <p class='issue_text'>Objectifs du caucus vert pour cette session parlementaire.<br>\n                    <a class='issue_link' href='https:\/\/elizabethmaymp.ca\/francais-bill-c-226-national-strategy-respecting-environmental-racism-and-environmental-justice-act\/'>En savoir plus<\/a>\n                <\/p>\n            <\/div>\n        <\/div><\/div><div class='issue_gallery'>\n        <div class='issuebox'>\n            <div class='issue-photo' style='background-image: url(https:\/\/elizabethmaymp.ca\/wp-content\/uploads\/Elizabeth-May.png); background-position: bottom center; background-size: cover;'>\n                <div class='tint' style='background-color: rgba(51474);'>\n                    <h3 class='issue_title'>Projet de loi C-226<\/h3>\n                <\/div>\n            <\/div>\n            <div class='issue_text'>\n                <p class='issue_text'>Une strat\u00e9gie nationale relative \u00e0 la justice environnementale<br>\n                    <a class='issue_link' href='https:\/\/elizabethmaymp.ca\/get-involved\/'>En savoir plus<\/a>\n                <\/p>\n            <\/div>\n        <\/div>\n        <div class='issuebox'>\n            <div class='issue-photo' style='background-image: url(https:\/\/elizabethmaymp.ca\/wp-content\/uploads\/Press-Con-1.png); background-position: bottom center; background-size: cover;'>\n                <div class='tint' style='background-color: rgba(51474);'>\n                    <h3 class='issue_title'>Mouillage des navires<\/h3>\n                <\/div>\n            <\/div>\n            <div class='issue_text'>\n                <p class='issue_text'>Prot\u00e9ger l\u2019\u00e9cosyst\u00e8me fragile de la mer des Salish.<br>\n                    <a class='issue_link' href='https:\/\/www.youtube.com\/watch?v=k_kgboopxLY' target=\"_blank\" rel=\"noopener noreferrer\">En savoir plus<\/a>\n                <\/p>\n            <\/div>\n        <\/div>\n        <div class='issuebox'>\n            <div class='issue-photo' style='background-image: url(https:\/\/elizabethmaymp.ca\/wp-content\/uploads\/Untitled-design.png); background-position: bottom center; background-size: contain;'>\n                <div class='tint' style='background-color: rgba(51474);'>\n                    <h3 class='issue_title'>Objectifs verts<\/h3>\n                <\/div>\n            <\/div>\n            <div class='issue_text'>\n                <p class='issue_text'>Objectifs du caucus vert pour cette session parlementaire.<br>\n                    <a class='issue_link' href='https:\/\/elizabethmaymp.ca\/francais-bill-c-226-national-strategy-respecting-environmental-racism-and-environmental-justice-act\/'>En savoir plus<\/a>\n                <\/p>\n            <\/div>\n        <\/div><\/div><\/p>","protected":false},"excerpt":{"rendered":"<p>Elizabeth May occupe pr\u00e9sentement les fonctions de leader du Parti vert, en plus d\u2019\u00eatre d\u00e9put\u00e9e de la circonscription de Saanich-Gulf Islands, qui recoupe le territoire de la Nation W\u0331S\u00c1NE\u0106.  <a href=\"http:\/\/elizabethmaymp.ca\/fr\/home\/meet-elizabeth-widget\/meet-elizabeth-may\/\">Continuez<\/a><\/p>\n","protected":false},"author":1,"featured_media":30224,"parent":0,"menu_order":1,"comment_status":"closed","ping_status":"closed","template":"template-full-width-cover.php","meta":{"_acf_changed":false,"_price":"","_stock":"","_tribe_ticket_header":"","_tribe_default_ticket_provider":"","_tribe_ticket_capacity":"0","_ticket_start_date":"","_ticket_end_date":"","_tribe_ticket_show_description":"","_tribe_ticket_show_not_going":false,"_tribe_ticket_use_global_stock":"","_tribe_ticket_global_stock_level":"","_global_stock_mode":"","_global_stock_cap":"","_tribe_rsvp_for_event":"","_tribe_ticket_going_count":"","_tribe_ticket_not_going_count":"","_tribe_tickets_list":"[]","_tribe_ticket_has_attendee_info_fields":false,"footnotes":"","_tec_slr_enabled":"","_tec_slr_layout":""},"class_list":["post-2","page","type-page","status-publish","has-post-thumbnail","hentry"],"acf":[],"yoast_head":"<!-- This site is optimized with the Yoast SEO plugin v27.6 - https:\/\/yoast.com\/product\/yoast-seo-wordpress\/ -->\n<title>Accueil | Elizabeth May<\/title>\n<meta name=\"robots\" content=\"index, follow, max-snippet:-1, max-image-preview:large, max-video-preview:-1\" \/>\n<link rel=\"canonical\" href=\"https:\/\/elizabethmaymp.ca\/fr\/\" \/>\n<meta property=\"og:locale\" content=\"en_US\" \/>\n<meta property=\"og:type\" content=\"article\" \/>\n<meta property=\"og:title\" content=\"Accueil | Elizabeth May\" \/>\n<meta property=\"og:description\" content=\"Elizabeth May occupe pr\u00e9sentement les fonctions de leader du Parti vert, en plus d\u2019\u00eatre d\u00e9put\u00e9e de la circonscription de Saanich-Gulf Islands, qui recoupe le territoire de la Nation W\u0331S\u00c1NE\u0106. Continuez\" \/>\n<meta property=\"og:url\" content=\"https:\/\/elizabethmaymp.ca\/fr\/\" \/>\n<meta property=\"og:site_name\" content=\"Elizabeth May\" \/>\n<meta property=\"article:publisher\" content=\"https:\/\/www.facebook.com\/ElizabethMayMP\" \/>\n<meta property=\"article:modified_time\" content=\"2026-02-26T17:53:16+00:00\" \/>\n<meta property=\"og:image\" content=\"https:\/\/elizabethmaymp.ca\/wp-content\/uploads\/May-Header-2560x1707-1.jpg\" \/>\n\t<meta property=\"og:image:width\" content=\"2560\" \/>\n\t<meta property=\"og:image:height\" content=\"1707\" \/>\n\t<meta property=\"og:image:type\" content=\"image\/jpeg\" \/>\n<meta name=\"twitter:card\" content=\"summary_large_image\" \/>\n<meta name=\"twitter:site\" content=\"@elizabethmay\" \/>\n<meta name=\"twitter:label1\" content=\"Est. reading time\" \/>\n\t<meta name=\"twitter:data1\" content=\"1 minute\" \/>\n<script type=\"application\/ld+json\" class=\"yoast-schema-graph\">{\"@context\":\"https:\\\/\\\/schema.org\",\"@graph\":[{\"@type\":\"WebPage\",\"@id\":\"https:\\\/\\\/elizabethmaymp.ca\\\/fr\\\/\",\"url\":\"https:\\\/\\\/elizabethmaymp.ca\\\/fr\\\/\",\"name\":\"Accueil | Elizabeth May\",\"isPartOf\":{\"@id\":\"https:\\\/\\\/elizabethmaymp.ca\\\/fr\\\/#website\"},\"primaryImageOfPage\":{\"@id\":\"https:\\\/\\\/elizabethmaymp.ca\\\/fr\\\/#primaryimage\"},\"image\":{\"@id\":\"https:\\\/\\\/elizabethmaymp.ca\\\/#primaryimage\"},\"thumbnailUrl\":\"https:\\\/\\\/elizabethmaymp.ca\\\/wp-content\\\/uploads\\\/May-Header-2560x1707-1.jpg\",\"datePublished\":\"2011-06-15T12:13:24+00:00\",\"dateModified\":\"2026-02-26T17:53:16+00:00\",\"breadcrumb\":{\"@id\":\"https:\\\/\\\/elizabethmaymp.ca\\\/fr\\\/#breadcrumb\"},\"inLanguage\":\"en-US\",\"potentialAction\":[{\"@type\":\"ReadAction\",\"target\":[[\"https:\\\/\\\/elizabethmaymp.ca\\\/fr\\\/\"]]}]},{\"@type\":\"ImageObject\",\"inLanguage\":\"en-US\",\"@id\":\"https:\\\/\\\/elizabethmaymp.ca\\\/fr\\\/#primaryimage\",\"url\":\"https:\\\/\\\/elizabethmaymp.ca\\\/wp-content\\\/uploads\\\/May-Header-2560x1707-1.jpg\",\"contentUrl\":\"https:\\\/\\\/elizabethmaymp.ca\\\/wp-content\\\/uploads\\\/May-Header-2560x1707-1.jpg\",\"width\":2560,\"height\":1707,\"caption\":\"Photo of Elizabeth may with a Saanich-Gulf Islands scene in the background.\"},{\"@type\":\"BreadcrumbList\",\"@id\":\"https:\\\/\\\/elizabethmaymp.ca\\\/fr\\\/#breadcrumb\",\"itemListElement\":[{\"@type\":\"ListItem\",\"position\":1,\"name\":\"Home\",\"item\":\"https:\\\/\\\/elizabethmaymp.ca\\\/fr\\\/\"},{\"@type\":\"ListItem\",\"position\":2,\"name\":\"Meet Elizabeth May\"}]},{\"@type\":\"WebSite\",\"@id\":\"https:\\\/\\\/elizabethmaymp.ca\\\/fr\\\/#website\",\"url\":\"https:\\\/\\\/elizabethmaymp.ca\\\/fr\\\/\",\"name\":\"Elizabeth May\",\"description\":\"MP for Saanich and Gulf Islands\",\"publisher\":{\"@id\":\"https:\\\/\\\/elizabethmaymp.ca\\\/fr\\\/#organization\"},\"potentialAction\":[{\"@type\":\"SearchAction\",\"target\":{\"@type\":\"EntryPoint\",\"urlTemplate\":\"https:\\\/\\\/elizabethmaymp.ca\\\/fr\\\/?s={search_term_string}\"},\"query-input\":{\"@type\":\"PropertyValueSpecification\",\"valueRequired\":true,\"valueName\":\"search_term_string\"}}],\"inLanguage\":\"en-US\"},{\"@type\":\"Organization\",\"@id\":\"https:\\\/\\\/elizabethmaymp.ca\\\/fr\\\/#organization\",\"name\":\"Elizabeth May MP\",\"url\":\"https:\\\/\\\/elizabethmaymp.ca\\\/fr\\\/\",\"logo\":{\"@type\":\"ImageObject\",\"inLanguage\":\"en-US\",\"@id\":\"https:\\\/\\\/elizabethmaymp.ca\\\/fr\\\/#\\\/schema\\\/logo\\\/image\\\/\",\"url\":\"https:\\\/\\\/elizabethmaymp.ca\\\/wp-content\\\/uploads\\\/elizabethmay-button.png\",\"contentUrl\":\"https:\\\/\\\/elizabethmaymp.ca\\\/wp-content\\\/uploads\\\/elizabethmay-button.png\",\"width\":1501,\"height\":1501,\"caption\":\"Elizabeth May MP\"},\"image\":{\"@id\":\"https:\\\/\\\/elizabethmaymp.ca\\\/fr\\\/#\\\/schema\\\/logo\\\/image\\\/\"},\"sameAs\":[\"https:\\\/\\\/www.facebook.com\\\/ElizabethMayMP\",\"https:\\\/\\\/x.com\\\/elizabethmay\"]}]}<\/script>\n<!-- \/ Yoast SEO plugin. -->","yoast_head_json":{"title":"Accueil | Elizabeth May","robots":{"index":"index","follow":"follow","max-snippet":"max-snippet:-1","max-image-preview":"max-image-preview:large","max-video-preview":"max-video-preview:-1"},"canonical":"https:\/\/elizabethmaymp.ca\/fr\/","og_locale":"en_US","og_type":"article","og_title":"Accueil | Elizabeth May","og_description":"Elizabeth May occupe pr\u00e9sentement les fonctions de leader du Parti vert, en plus d\u2019\u00eatre d\u00e9put\u00e9e de la circonscription de Saanich-Gulf Islands, qui recoupe le territoire de la Nation W\u0331S\u00c1NE\u0106. Continuez","og_url":"https:\/\/elizabethmaymp.ca\/fr\/","og_site_name":"Elizabeth May","article_publisher":"https:\/\/www.facebook.com\/ElizabethMayMP","article_modified_time":"2026-02-26T17:53:16+00:00","og_image":[{"width":2560,"height":1707,"url":"https:\/\/elizabethmaymp.ca\/wp-content\/uploads\/May-Header-2560x1707-1.jpg","type":"image\/jpeg"}],"twitter_card":"summary_large_image","twitter_site":"@elizabethmay","twitter_misc":{"Est. reading time":"1 minute"},"schema":{"@context":"https:\/\/schema.org","@graph":[{"@type":"WebPage","@id":"https:\/\/elizabethmaymp.ca\/fr\/","url":"https:\/\/elizabethmaymp.ca\/fr\/","name":"Accueil | Elizabeth May","isPartOf":{"@id":"https:\/\/elizabethmaymp.ca\/fr\/#website"},"primaryImageOfPage":{"@id":"https:\/\/elizabethmaymp.ca\/fr\/#primaryimage"},"image":{"@id":"https:\/\/elizabethmaymp.ca\/#primaryimage"},"thumbnailUrl":"https:\/\/elizabethmaymp.ca\/wp-content\/uploads\/May-Header-2560x1707-1.jpg","datePublished":"2011-06-15T12:13:24+00:00","dateModified":"2026-02-26T17:53:16+00:00","breadcrumb":{"@id":"https:\/\/elizabethmaymp.ca\/fr\/#breadcrumb"},"inLanguage":"en-US","potentialAction":[{"@type":"ReadAction","target":[["https:\/\/elizabethmaymp.ca\/fr\/"]]}]},{"@type":"ImageObject","inLanguage":"en-US","@id":"https:\/\/elizabethmaymp.ca\/fr\/#primaryimage","url":"https:\/\/elizabethmaymp.ca\/wp-content\/uploads\/May-Header-2560x1707-1.jpg","contentUrl":"https:\/\/elizabethmaymp.ca\/wp-content\/uploads\/May-Header-2560x1707-1.jpg","width":2560,"height":1707,"caption":"Photo of Elizabeth may with a Saanich-Gulf Islands scene in the background."},{"@type":"BreadcrumbList","@id":"https:\/\/elizabethmaymp.ca\/fr\/#breadcrumb","itemListElement":[{"@type":"ListItem","position":1,"name":"Home","item":"https:\/\/elizabethmaymp.ca\/fr\/"},{"@type":"ListItem","position":2,"name":"Meet Elizabeth May"}]},{"@type":"WebSite","@id":"https:\/\/elizabethmaymp.ca\/fr\/#website","url":"https:\/\/elizabethmaymp.ca\/fr\/","name":"Elizabeth May","description":"MP for Saanich and Gulf Islands","publisher":{"@id":"https:\/\/elizabethmaymp.ca\/fr\/#organization"},"potentialAction":[{"@type":"SearchAction","target":{"@type":"EntryPoint","urlTemplate":"https:\/\/elizabethmaymp.ca\/fr\/?s={search_term_string}"},"query-input":{"@type":"PropertyValueSpecification","valueRequired":true,"valueName":"search_term_string"}}],"inLanguage":"en-US"},{"@type":"Organization","@id":"https:\/\/elizabethmaymp.ca\/fr\/#organization","name":"Elizabeth May MP","url":"https:\/\/elizabethmaymp.ca\/fr\/","logo":{"@type":"ImageObject","inLanguage":"en-US","@id":"https:\/\/elizabethmaymp.ca\/fr\/#\/schema\/logo\/image\/","url":"https:\/\/elizabethmaymp.ca\/wp-content\/uploads\/elizabethmay-button.png","contentUrl":"https:\/\/elizabethmaymp.ca\/wp-content\/uploads\/elizabethmay-button.png","width":1501,"height":1501,"caption":"Elizabeth May MP"},"image":{"@id":"https:\/\/elizabethmaymp.ca\/fr\/#\/schema\/logo\/image\/"},"sameAs":["https:\/\/www.facebook.com\/ElizabethMayMP","https:\/\/x.com\/elizabethmay"]}]}},"ticketed":false,"_links":{"self":[{"href":"https:\/\/elizabethmaymp.ca\/fr\/wp-json\/wp\/v2\/pages\/2","targetHints":{"allow":["GET"]}}],"collection":[{"href":"https:\/\/elizabethmaymp.ca\/fr\/wp-json\/wp\/v2\/pages"}],"about":[{"href":"https:\/\/elizabethmaymp.ca\/fr\/wp-json\/wp\/v2\/types\/page"}],"author":[{"embeddable":true,"href":"https:\/\/elizabethmaymp.ca\/fr\/wp-json\/wp\/v2\/users\/1"}],"replies":[{"embeddable":true,"href":"https:\/\/elizabethmaymp.ca\/fr\/wp-json\/wp\/v2\/comments?post=2"}],"version-history":[{"count":284,"href":"https:\/\/elizabethmaymp.ca\/fr\/wp-json\/wp\/v2\/pages\/2\/revisions"}],"predecessor-version":[{"id":30360,"href":"https:\/\/elizabethmaymp.ca\/fr\/wp-json\/wp\/v2\/pages\/2\/revisions\/30360"}],"wp:featuredmedia":[{"embeddable":true,"href":"https:\/\/elizabethmaymp.ca\/fr\/wp-json\/wp\/v2\/media\/30224"}],"wp:attachment":[{"href":"https:\/\/elizabethmaymp.ca\/fr\/wp-json\/wp\/v2\/media?parent=2"}],"curies":[{"name":"wp","href":"https:\/\/api.w.org\/{rel}","templated":true}]}}