{"id":21925,"date":"2020-03-27T13:36:40","date_gmt":"2020-03-27T17:36:40","guid":{"rendered":"http:\/\/elizabethmaymp.ca?page_id=21925"},"modified":"2021-03-15T14:50:05","modified_gmt":"2021-03-15T18:50:05","slug":"covid-19-resources","status":"publish","type":"page","link":"https:\/\/elizabethmaymp.ca\/fr\/covid-19-resources\/","title":{"rendered":"Ressources concernant le COVID-19"},"content":{"rendered":"<p><\/p>\n<h3>Prestation canadienne de la relance \u00e9conomique (PCRE)<\/h3>\n<p>La Prestation canadienne de la relance \u00e9conomique (PCRE) fournit une aide financi\u00e8re aux salari\u00e9s et aux travailleurs ind\u00e9pendants canadiens qui sont directement touch\u00e9s par la COVID-19 et qui n\u2019ont pas droit aux prestations d\u2019assurance-emploi. La PCRE est administr\u00e9e par l\u2019Agence du revenu du Canada (ARC).<\/p>\n<p><a class=\"button\" href=\"https:\/\/www.canada.ca\/fr\/agence-revenu\/services\/prestations\/prestation-relance-economique.html\">V\u00e9rifier votre \u00e9ligibilit\u00e9<\/a><\/p>\n<h3>L&#8217;application Alerte COVID-19<\/h3>\n<p>Alerte COVID est l\u2019application gratuite de notification d\u2019exposition du Canada. L\u2019application permet de vous aviser en cas d\u2019exposition potentielle avant m\u00eame l&#8217;apparition de sympt\u00f4mes.<br \/>\n<a href=\"https:\/\/www.canada.ca\/fr\/sante-publique\/services\/maladies\/maladie-coronavirus-covid-19\/alerte-covid.html\">T\u00e9l\u00e9chargez l&#8217;application<\/a><\/p>\n<h3 id=\"wb-cont\" dir=\"ltr\">Sympt\u00f4mes et traitement<\/h3>\n<ul>\n<li><a href=\"https:\/\/www.canada.ca\/fr\/sante-publique\/services\/maladies\/2019-nouveau-coronavirus\/symptomes.html#s\">Sympt\u00f4mes de la COVID\u201119<\/a><\/li>\n<li><a href=\"https:\/\/www.canada.ca\/fr\/sante-publique\/services\/maladies\/2019-nouveau-coronavirus\/symptomes.html#si\">Si vous \u00eates malade ou prenez soin d\u2019une personne malade<\/a><\/li>\n<li><a href=\"https:\/\/www.canada.ca\/fr\/sante-publique\/services\/maladies\/2019-nouveau-coronavirus\/symptomes.html#_Getting_tested\">Passer un test de d\u00e9pistage<\/a><\/li>\n<li><a href=\"https:\/\/www.canada.ca\/fr\/sante-publique\/services\/maladies\/2019-nouveau-coronavirus\/symptomes.html#t\">Traitement de la COVID\u201119<\/a><\/li>\n<\/ul>\n<p><a class=\"button\" href=\"https:\/\/www.canada.ca\/fr\/sante-publique\/services\/maladies\/2019-nouveau-coronavirus\/symptomes.html\">En savoir plus<\/a><\/p>\n<h3>Subvention salariale d&#8217;urgence du Canada (SSUC)<\/h3>\n<p>En tant qu\u2019employeur canadien ayant subi une baisse de revenus pendant la pand\u00e9mie de COVID-19, vous pourriez avoir droit \u00e0 une subvention pour couvrir une partie du salaire de vos employ\u00e9s, r\u00e9troactivement au 15\u00a0mars\u00a02020. Cette subvention permettra \u00e0 votre entreprise de r\u00e9embaucher des travailleurs, d&#8217;\u00e9viter d\u2019autres pertes d\u2019emploi et de faciliter la reprise des activit\u00e9s normales de votre entreprise.<\/p>\n<p><a class=\"button\" href=\"https:\/\/www.canada.ca\/fr\/agence-revenu\/services\/subvention\/subvention-salariale-urgence.html\">Faites votre demande<\/a><\/p>\n<h3>Compte d\u2019urgence pour les entreprises canadiennes (CUEC)<\/h3>\n<p>Ce programme de 55\u00a0milliards de dollars offre des pr\u00eats sans int\u00e9r\u00eat pouvant atteindre\u00a0<span class=\"nobreak\">60\u00a0000\u00a0$<\/span>\u00a0aux petites entreprises et aux organismes \u00e0 but non lucratif.<\/p>\n<p><a class=\"button\" href=\"https:\/\/ceba-cuec.ca\/fr\/\">En savoir plus<\/a><\/p>\n<h3>D\u00e9penses de travail \u00e0 domicile<\/h3>\n<p>Si vous avez travaill\u00e9 \u00e0 domicile en 2020 en raison de la pand\u00e9mie de COVID-19, vous pourriez avoir le droit de r\u00e9clamer certaines d\u00e9penses de votre bureau \u00e0 domicile dans votre d\u00e9claration d&#8217;imp\u00f4ts.<\/p>\n<p><a class=\"button\" href=\"https:\/\/www.canada.ca\/fr\/agence-revenu\/services\/impot\/particuliers\/sujets\/tout-votre-declaration-revenus\/declaration-revenus\/remplir-declaration-revenus\/deductions-credits-depenses\/ligne-229-autres-depenses-emploi\/espace-travail-domicile-depenses\/changement-apportes.html\">Verifiez votre \u00e9ligibilit\u00e9<\/a><\/p>","protected":false},"excerpt":{"rendered":"<p>Prestation canadienne de la relance \u00e9conomique (PCRE) La Prestation canadienne de la relance \u00e9conomique (PCRE) fournit une aide financi\u00e8re aux salari\u00e9s et aux travailleurs ind\u00e9pendants canadiens qui sont&hellip;<\/p>\n","protected":false},"author":1381,"featured_media":0,"parent":0,"menu_order":0,"comment_status":"closed","ping_status":"closed","template":"","meta":{"_acf_changed":false,"_price":"","_stock":"","_tribe_ticket_header":"","_tribe_default_ticket_provider":"","_tribe_ticket_capacity":"","_ticket_start_date":"","_ticket_end_date":"","_tribe_ticket_show_description":"","_tribe_ticket_show_not_going":false,"_tribe_ticket_use_global_stock":"","_tribe_ticket_global_stock_level":"","_global_stock_mode":"","_global_stock_cap":"","_tribe_rsvp_for_event":"","_tribe_ticket_going_count":"","_tribe_ticket_not_going_count":"","_tribe_tickets_list":"[]","_tribe_ticket_has_attendee_info_fields":false,"footnotes":"","_tec_slr_enabled":"","_tec_slr_layout":""},"class_list":["post-21925","page","type-page","status-publish","hentry"],"acf":[],"yoast_head":"<!-- This site is optimized with the Yoast SEO plugin v27.4 - https:\/\/yoast.com\/product\/yoast-seo-wordpress\/ -->\n<title>Ressources concernant le COVID-19 | Elizabeth May<\/title>\n<meta name=\"robots\" content=\"index, follow, max-snippet:-1, max-image-preview:large, max-video-preview:-1\" \/>\n<link rel=\"canonical\" href=\"https:\/\/elizabethmaymp.ca\/fr\/covid-19-resources\/\" \/>\n<meta property=\"og:locale\" content=\"en_US\" \/>\n<meta property=\"og:type\" content=\"article\" \/>\n<meta property=\"og:title\" content=\"Ressources concernant le COVID-19 | Elizabeth May\" \/>\n<meta property=\"og:description\" content=\"Prestation canadienne de la relance \u00e9conomique (PCRE) La Prestation canadienne de la relance \u00e9conomique (PCRE) fournit une aide financi\u00e8re aux salari\u00e9s et aux travailleurs ind\u00e9pendants canadiens qui sont&hellip;\" \/>\n<meta property=\"og:url\" content=\"https:\/\/elizabethmaymp.ca\/fr\/covid-19-resources\/\" \/>\n<meta property=\"og:site_name\" content=\"Elizabeth May\" \/>\n<meta property=\"article:publisher\" content=\"https:\/\/www.facebook.com\/ElizabethMayMP\" \/>\n<meta property=\"article:modified_time\" content=\"2021-03-15T18:50:05+00:00\" \/>\n<meta property=\"og:image\" content=\"https:\/\/elizabethmaymp.ca\/wp-content\/uploads\/cropped-elizabethmay-button.png\" \/>\n\t<meta property=\"og:image:width\" content=\"512\" \/>\n\t<meta property=\"og:image:height\" content=\"512\" \/>\n\t<meta property=\"og:image:type\" content=\"image\/png\" \/>\n<meta name=\"twitter:card\" content=\"summary_large_image\" \/>\n<meta name=\"twitter:site\" content=\"@elizabethmay\" \/>\n<meta name=\"twitter:label1\" content=\"Est. reading time\" \/>\n\t<meta name=\"twitter:data1\" content=\"2 minutes\" \/>\n<script type=\"application\/ld+json\" class=\"yoast-schema-graph\">{\"@context\":\"https:\\\/\\\/schema.org\",\"@graph\":[{\"@type\":\"WebPage\",\"@id\":\"https:\\\/\\\/elizabethmaymp.ca\\\/fr\\\/covid-19-resources\\\/\",\"url\":\"https:\\\/\\\/elizabethmaymp.ca\\\/fr\\\/covid-19-resources\\\/\",\"name\":\"Ressources concernant le COVID-19 | Elizabeth May\",\"isPartOf\":{\"@id\":\"https:\\\/\\\/elizabethmaymp.ca\\\/fr\\\/#website\"},\"datePublished\":\"2020-03-27T17:36:40+00:00\",\"dateModified\":\"2021-03-15T18:50:05+00:00\",\"breadcrumb\":{\"@id\":\"https:\\\/\\\/elizabethmaymp.ca\\\/fr\\\/covid-19-resources\\\/#breadcrumb\"},\"inLanguage\":\"en-US\",\"potentialAction\":[{\"@type\":\"ReadAction\",\"target\":[[\"https:\\\/\\\/elizabethmaymp.ca\\\/fr\\\/covid-19-resources\\\/\"]]}]},{\"@type\":\"BreadcrumbList\",\"@id\":\"https:\\\/\\\/elizabethmaymp.ca\\\/fr\\\/covid-19-resources\\\/#breadcrumb\",\"itemListElement\":[{\"@type\":\"ListItem\",\"position\":1,\"name\":\"Home\",\"item\":\"https:\\\/\\\/elizabethmaymp.ca\\\/fr\\\/\"},{\"@type\":\"ListItem\",\"position\":2,\"name\":\"COVID-19 Resources\"}]},{\"@type\":\"WebSite\",\"@id\":\"https:\\\/\\\/elizabethmaymp.ca\\\/fr\\\/#website\",\"url\":\"https:\\\/\\\/elizabethmaymp.ca\\\/fr\\\/\",\"name\":\"Elizabeth May\",\"description\":\"MP for Saanich and Gulf Islands\",\"publisher\":{\"@id\":\"https:\\\/\\\/elizabethmaymp.ca\\\/fr\\\/#organization\"},\"potentialAction\":[{\"@type\":\"SearchAction\",\"target\":{\"@type\":\"EntryPoint\",\"urlTemplate\":\"https:\\\/\\\/elizabethmaymp.ca\\\/fr\\\/?s={search_term_string}\"},\"query-input\":{\"@type\":\"PropertyValueSpecification\",\"valueRequired\":true,\"valueName\":\"search_term_string\"}}],\"inLanguage\":\"en-US\"},{\"@type\":\"Organization\",\"@id\":\"https:\\\/\\\/elizabethmaymp.ca\\\/fr\\\/#organization\",\"name\":\"Elizabeth May MP\",\"url\":\"https:\\\/\\\/elizabethmaymp.ca\\\/fr\\\/\",\"logo\":{\"@type\":\"ImageObject\",\"inLanguage\":\"en-US\",\"@id\":\"https:\\\/\\\/elizabethmaymp.ca\\\/fr\\\/#\\\/schema\\\/logo\\\/image\\\/\",\"url\":\"https:\\\/\\\/elizabethmaymp.ca\\\/wp-content\\\/uploads\\\/elizabethmay-button.png\",\"contentUrl\":\"https:\\\/\\\/elizabethmaymp.ca\\\/wp-content\\\/uploads\\\/elizabethmay-button.png\",\"width\":1501,\"height\":1501,\"caption\":\"Elizabeth May MP\"},\"image\":{\"@id\":\"https:\\\/\\\/elizabethmaymp.ca\\\/fr\\\/#\\\/schema\\\/logo\\\/image\\\/\"},\"sameAs\":[\"https:\\\/\\\/www.facebook.com\\\/ElizabethMayMP\",\"https:\\\/\\\/x.com\\\/elizabethmay\"]}]}<\/script>\n<!-- \/ Yoast SEO plugin. -->","yoast_head_json":{"title":"Ressources concernant le COVID-19 | Elizabeth May","robots":{"index":"index","follow":"follow","max-snippet":"max-snippet:-1","max-image-preview":"max-image-preview:large","max-video-preview":"max-video-preview:-1"},"canonical":"https:\/\/elizabethmaymp.ca\/fr\/covid-19-resources\/","og_locale":"en_US","og_type":"article","og_title":"Ressources concernant le COVID-19 | Elizabeth May","og_description":"Prestation canadienne de la relance \u00e9conomique (PCRE) La Prestation canadienne de la relance \u00e9conomique (PCRE) fournit une aide financi\u00e8re aux salari\u00e9s et aux travailleurs ind\u00e9pendants canadiens qui sont&hellip;","og_url":"https:\/\/elizabethmaymp.ca\/fr\/covid-19-resources\/","og_site_name":"Elizabeth May","article_publisher":"https:\/\/www.facebook.com\/ElizabethMayMP","article_modified_time":"2021-03-15T18:50:05+00:00","og_image":[{"width":512,"height":512,"url":"https:\/\/elizabethmaymp.ca\/wp-content\/uploads\/cropped-elizabethmay-button.png","type":"image\/png"}],"twitter_card":"summary_large_image","twitter_site":"@elizabethmay","twitter_misc":{"Est. reading time":"2 minutes"},"schema":{"@context":"https:\/\/schema.org","@graph":[{"@type":"WebPage","@id":"https:\/\/elizabethmaymp.ca\/fr\/covid-19-resources\/","url":"https:\/\/elizabethmaymp.ca\/fr\/covid-19-resources\/","name":"Ressources concernant le COVID-19 | Elizabeth May","isPartOf":{"@id":"https:\/\/elizabethmaymp.ca\/fr\/#website"},"datePublished":"2020-03-27T17:36:40+00:00","dateModified":"2021-03-15T18:50:05+00:00","breadcrumb":{"@id":"https:\/\/elizabethmaymp.ca\/fr\/covid-19-resources\/#breadcrumb"},"inLanguage":"en-US","potentialAction":[{"@type":"ReadAction","target":[["https:\/\/elizabethmaymp.ca\/fr\/covid-19-resources\/"]]}]},{"@type":"BreadcrumbList","@id":"https:\/\/elizabethmaymp.ca\/fr\/covid-19-resources\/#breadcrumb","itemListElement":[{"@type":"ListItem","position":1,"name":"Home","item":"https:\/\/elizabethmaymp.ca\/fr\/"},{"@type":"ListItem","position":2,"name":"COVID-19 Resources"}]},{"@type":"WebSite","@id":"https:\/\/elizabethmaymp.ca\/fr\/#website","url":"https:\/\/elizabethmaymp.ca\/fr\/","name":"Elizabeth May","description":"MP for Saanich and Gulf Islands","publisher":{"@id":"https:\/\/elizabethmaymp.ca\/fr\/#organization"},"potentialAction":[{"@type":"SearchAction","target":{"@type":"EntryPoint","urlTemplate":"https:\/\/elizabethmaymp.ca\/fr\/?s={search_term_string}"},"query-input":{"@type":"PropertyValueSpecification","valueRequired":true,"valueName":"search_term_string"}}],"inLanguage":"en-US"},{"@type":"Organization","@id":"https:\/\/elizabethmaymp.ca\/fr\/#organization","name":"Elizabeth May MP","url":"https:\/\/elizabethmaymp.ca\/fr\/","logo":{"@type":"ImageObject","inLanguage":"en-US","@id":"https:\/\/elizabethmaymp.ca\/fr\/#\/schema\/logo\/image\/","url":"https:\/\/elizabethmaymp.ca\/wp-content\/uploads\/elizabethmay-button.png","contentUrl":"https:\/\/elizabethmaymp.ca\/wp-content\/uploads\/elizabethmay-button.png","width":1501,"height":1501,"caption":"Elizabeth May MP"},"image":{"@id":"https:\/\/elizabethmaymp.ca\/fr\/#\/schema\/logo\/image\/"},"sameAs":["https:\/\/www.facebook.com\/ElizabethMayMP","https:\/\/x.com\/elizabethmay"]}]}},"ticketed":false,"_links":{"self":[{"href":"https:\/\/elizabethmaymp.ca\/fr\/wp-json\/wp\/v2\/pages\/21925","targetHints":{"allow":["GET"]}}],"collection":[{"href":"https:\/\/elizabethmaymp.ca\/fr\/wp-json\/wp\/v2\/pages"}],"about":[{"href":"https:\/\/elizabethmaymp.ca\/fr\/wp-json\/wp\/v2\/types\/page"}],"author":[{"embeddable":true,"href":"https:\/\/elizabethmaymp.ca\/fr\/wp-json\/wp\/v2\/users\/1381"}],"replies":[{"embeddable":true,"href":"https:\/\/elizabethmaymp.ca\/fr\/wp-json\/wp\/v2\/comments?post=21925"}],"version-history":[{"count":17,"href":"https:\/\/elizabethmaymp.ca\/fr\/wp-json\/wp\/v2\/pages\/21925\/revisions"}],"predecessor-version":[{"id":25206,"href":"https:\/\/elizabethmaymp.ca\/fr\/wp-json\/wp\/v2\/pages\/21925\/revisions\/25206"}],"wp:attachment":[{"href":"https:\/\/elizabethmaymp.ca\/fr\/wp-json\/wp\/v2\/media?parent=21925"}],"curies":[{"name":"wp","href":"https:\/\/api.w.org\/{rel}","templated":true}]}}