{"id":2993,"date":"2012-02-14T12:37:30","date_gmt":"2012-02-14T17:37:30","guid":{"rendered":"http:\/\/elizabethmaymp.ca?page_id=2993"},"modified":"2017-08-25T16:17:24","modified_gmt":"2017-08-25T20:17:24","slug":"diamond-jubilee-medal","status":"publish","type":"page","link":"https:\/\/elizabethmaymp.ca\/fr\/diamond-jubilee-medal\/","title":{"rendered":"M\u00e9daille du jubil\u00e9 de diamant"},"content":{"rendered":"<p><img loading=\"lazy\" decoding=\"async\" class=\"alignright size-full wp-image-2263\" title=\"Diamond-Jubilee-Medal-105x368\" src=\"http:\/\/elizabethmaymp.ca\/wp-content\/uploads\/Diamond-Jubilee-Medal-105x368.jpg\" alt=\"\" width=\"105\" height=\"368\" align=\"right\" hspace=\"5\" \/>Le 6 f\u00e9vrier, Sa Majest\u00e9 la reine Elizabeth II soulignera le 60e anniversaire de son accession au tr\u00f4ne. Une seule fois auparavant nous n&#8217;avons c\u00e9l\u00e9br\u00e9 une telle occasion, quand son arri\u00e8re-grand-m\u00e8re, la reine Victoria, a fait de m\u00eame en 1897.<\/p>\n<p>Une nouvelle m\u00e9daille comm\u00e9morative a \u00e9t\u00e9 cr\u00e9\u00e9e dans le cadre des c\u00e9l\u00e9brations de 2012 qui marqueront le 60e anniversaire de l\u2019accession au tr\u00f4ne de Sa Majest\u00e9 la reine Elizabeth II en tant que Reine du Canada. La M\u00e9daille du jubil\u00e9 de diamant de la reine Elizabeth II permet au Canada de rendre hommage de fa\u00e7on tangible \u00e0 Sa Majest\u00e9 pour son d\u00e9vouement envers notre pays; cette distinction permet \u00e9galement de reconna\u00eetre les contributions et r\u00e9alisations de Canadiennes et de Canadiens.<\/p>\n<p>Nous allons \u00eatre l&#8217;attribution d&#8217;un total de trente m\u00e9dailles \u00e0 deux c\u00e9r\u00e9monies en 2012. Vingt sera d\u00e9cern\u00e9 lors d&#8217;une c\u00e9r\u00e9monie en juillet; la date limite pour les soumissions pour cette c\u00e9r\u00e9monie sera le 15 mai 2012. La deuxi\u00e8me c\u00e9r\u00e9monie sera plus tard dans l&#8217;ann\u00e9e. Les d\u00e9tails suivra.<\/p>\n<p>Demandez \u00e0 votre mot \u00e0 dire sur qui, dans Saanich-Gulf Islands devraient recevoir cette m\u00e9daille comm\u00e9morative. S&#8217;il vous pla\u00eet prendre quelques minutes pour penser \u00e0 ceux de votre communaut\u00e9 qui devrait recevoir ce prix, et de remplir le formulaire ci-dessous. S&#8217;il vous pla\u00eet assurez-vous de remplir autant d&#8217;information que possible, y compris la raison pour laquelle vous pensez que cette personne devrait recevoir la m\u00e9daille, avec une br\u00e8ve d\u00e9claration de 40 mots de 250 caract\u00e8res.<\/p>\n<p>Les crit\u00e8res d&#8217;admissibilit\u00e9 peuvent \u00eatre trouv\u00e9es ci-dessous la forme et sur \u200b <a href=\"http:\/\/www.gg.ca\/document.aspx?id=14019&amp;lan=fra\" target=\"_blank\">le site Web de la gouverneure g\u00e9n\u00e9rale<\/a>.<\/p>\n<p>[contact-form-7 id=&#8221;2986&#8243; title=&#8221;M\u00e9daille du jubil\u00e9 de diamant&#8221;]<br \/>\n&nbsp;<\/p>\n<h2>Lignes directrices pour la s\u00e9lection des r\u00e9cipiendaires<\/h2>\n<p>Les lignes directrices suivantes ont \u00e9t\u00e9 \u00e9labor\u00e9es afin de vous guider dans la s\u00e9lection de candidats :<\/p>\n<ul>\n<li>Le processus de s\u00e9lection devrait \u00eatre ax\u00e9 sur les r\u00e9alisations de personnes qui ont aid\u00e9 \u00e0 b\u00e2tir le Canada d&#8217;aujourd&#8217;hui, notamment des a\u00een\u00e9s, des b\u00e9n\u00e9voles, d&#8217;anciens combattants et des jeunes;<\/li>\n<li>Par leurs r\u00e9alisations et leur contribution soutenue, les candidats se sont d\u00e9marqu\u00e9s des autres qui oeuvrent dans le m\u00eame champ d&#8217;activit\u00e9;<\/li>\n<li>Les r\u00e9cipiendaires sont des individus respect\u00e9s dans leur communaut\u00e9. Les noms des r\u00e9cipiendaires seront inscrits aux archives publiques;<\/li>\n<li>La liste des r\u00e9cipiendaires doit \u00eatre inclusive et refl\u00e9ter les donn\u00e9es d\u00e9mographiques de la r\u00e9gion ou la collectivit\u00e9;<\/li>\n<li>Le processus de s\u00e9lection doit \u00eatre objectif et fond\u00e9 sur le m\u00e9rite;<\/li>\n<li>La m\u00e9daille est d\u00e9cern\u00e9e \u00e0 des individus seulement, ce qui exclut les groupes ou les couples.<\/li>\n<\/ul>\n<p>N&#8217;h\u00e9sitez pas <a href=\"mailto:elizabeth.may.C1A@parl.gc.ca\">\u00e0 nous contacter<\/a> si vous avez des questions.<\/p>\n<div align=\"center\"><img loading=\"lazy\" decoding=\"async\" title=\"jubilee-emblem-202x186\" src=\"http:\/\/elizabethmaymp.ca\/wp-content\/uploads\/jubilee-emblem-202x186.jpg\" alt=\"\" width=\"202\" height=\"186\" hspace=\"5\" vspace=\"5\" \/><\/div>\n<p><\/p>","protected":false},"excerpt":{"rendered":"<p>Le 6 f\u00e9vrier, Sa Majest\u00e9 la reine Elizabeth II soulignera le 60e anniversaire de son accession au tr\u00f4ne. Une seule fois auparavant nous n&#8217;avons c\u00e9l\u00e9br\u00e9 une telle occasion,&hellip;<\/p>\n","protected":false},"author":3,"featured_media":0,"parent":0,"menu_order":0,"comment_status":"closed","ping_status":"open","template":"","meta":{"_acf_changed":false,"_price":"","_stock":"","_tribe_ticket_header":"","_tribe_default_ticket_provider":"","_tribe_ticket_capacity":"","_ticket_start_date":"","_ticket_end_date":"","_tribe_ticket_show_description":"","_tribe_ticket_show_not_going":false,"_tribe_ticket_use_global_stock":"","_tribe_ticket_global_stock_level":"","_global_stock_mode":"","_global_stock_cap":"","_tribe_rsvp_for_event":"","_tribe_ticket_going_count":"","_tribe_ticket_not_going_count":"","_tribe_tickets_list":"[]","_tribe_ticket_has_attendee_info_fields":false,"footnotes":"","_tec_slr_enabled":"","_tec_slr_layout":""},"class_list":["post-2993","page","type-page","status-publish","hentry"],"acf":[],"yoast_head":"<!-- This site is optimized with the Yoast SEO plugin v27.4 - https:\/\/yoast.com\/product\/yoast-seo-wordpress\/ -->\n<title>M\u00e9daille du jubil\u00e9 de diamant | Elizabeth May<\/title>\n<meta name=\"robots\" content=\"index, follow, max-snippet:-1, max-image-preview:large, max-video-preview:-1\" \/>\n<link rel=\"canonical\" href=\"https:\/\/elizabethmaymp.ca\/fr\/diamond-jubilee-medal\/\" \/>\n<meta property=\"og:locale\" content=\"en_US\" \/>\n<meta property=\"og:type\" content=\"article\" \/>\n<meta property=\"og:title\" content=\"M\u00e9daille du jubil\u00e9 de diamant | Elizabeth May\" \/>\n<meta property=\"og:description\" content=\"Le 6 f\u00e9vrier, Sa Majest\u00e9 la reine Elizabeth II soulignera le 60e anniversaire de son accession au tr\u00f4ne. Une seule fois auparavant nous n&#8217;avons c\u00e9l\u00e9br\u00e9 une telle occasion,&hellip;\" \/>\n<meta property=\"og:url\" content=\"https:\/\/elizabethmaymp.ca\/fr\/diamond-jubilee-medal\/\" \/>\n<meta property=\"og:site_name\" content=\"Elizabeth May\" \/>\n<meta property=\"article:publisher\" content=\"https:\/\/www.facebook.com\/ElizabethMayMP\" \/>\n<meta property=\"article:modified_time\" content=\"2017-08-25T20:17:24+00:00\" \/>\n<meta property=\"og:image\" content=\"http:\/\/elizabethmaymp.ca\/wp-content\/uploads\/Diamond-Jubilee-Medal-105x368.jpg\" \/>\n<meta name=\"twitter:card\" content=\"summary_large_image\" \/>\n<meta name=\"twitter:site\" content=\"@elizabethmay\" \/>\n<meta name=\"twitter:label1\" content=\"Est. reading time\" \/>\n\t<meta name=\"twitter:data1\" content=\"4 minutes\" \/>\n<script type=\"application\/ld+json\" class=\"yoast-schema-graph\">{\"@context\":\"https:\\\/\\\/schema.org\",\"@graph\":[{\"@type\":\"WebPage\",\"@id\":\"https:\\\/\\\/elizabethmaymp.ca\\\/fr\\\/diamond-jubilee-medal\\\/\",\"url\":\"https:\\\/\\\/elizabethmaymp.ca\\\/fr\\\/diamond-jubilee-medal\\\/\",\"name\":\"Diamond Jubilee MedalM\u00e9daille du jubil\u00e9 de diamant | Elizabeth May\",\"isPartOf\":{\"@id\":\"https:\\\/\\\/elizabethmaymp.ca\\\/fr\\\/#website\"},\"primaryImageOfPage\":{\"@id\":\"https:\\\/\\\/elizabethmaymp.ca\\\/fr\\\/diamond-jubilee-medal\\\/#primaryimage\"},\"image\":{\"@id\":\"https:\\\/\\\/elizabethmaymp.ca\\\/fr\\\/diamond-jubilee-medal\\\/#primaryimage\"},\"thumbnailUrl\":\"http:\\\/\\\/elizabethmaymp.ca\\\/wp-content\\\/uploads\\\/Diamond-Jubilee-Medal-105x368.jpg\",\"datePublished\":\"2012-02-14T17:37:30+00:00\",\"dateModified\":\"2017-08-25T20:17:24+00:00\",\"breadcrumb\":{\"@id\":\"https:\\\/\\\/elizabethmaymp.ca\\\/fr\\\/diamond-jubilee-medal\\\/#breadcrumb\"},\"inLanguage\":\"en-US\",\"potentialAction\":[{\"@type\":\"ReadAction\",\"target\":[[\"https:\\\/\\\/elizabethmaymp.ca\\\/fr\\\/diamond-jubilee-medal\\\/\"]]}]},{\"@type\":\"ImageObject\",\"inLanguage\":\"en-US\",\"@id\":\"https:\\\/\\\/elizabethmaymp.ca\\\/fr\\\/diamond-jubilee-medal\\\/#primaryimage\",\"url\":\"http:\\\/\\\/elizabethmaymp.ca\\\/wp-content\\\/uploads\\\/Diamond-Jubilee-Medal-105x368.jpg\",\"contentUrl\":\"http:\\\/\\\/elizabethmaymp.ca\\\/wp-content\\\/uploads\\\/Diamond-Jubilee-Medal-105x368.jpg\"},{\"@type\":\"BreadcrumbList\",\"@id\":\"https:\\\/\\\/elizabethmaymp.ca\\\/fr\\\/diamond-jubilee-medal\\\/#breadcrumb\",\"itemListElement\":[{\"@type\":\"ListItem\",\"position\":1,\"name\":\"Home\",\"item\":\"https:\\\/\\\/elizabethmaymp.ca\\\/fr\\\/\"},{\"@type\":\"ListItem\",\"position\":2,\"name\":\"M\u00e9daille du jubil\u00e9 de diamant\"}]},{\"@type\":\"WebSite\",\"@id\":\"https:\\\/\\\/elizabethmaymp.ca\\\/fr\\\/#website\",\"url\":\"https:\\\/\\\/elizabethmaymp.ca\\\/fr\\\/\",\"name\":\"Elizabeth May\",\"description\":\"MP for Saanich and Gulf Islands\",\"publisher\":{\"@id\":\"https:\\\/\\\/elizabethmaymp.ca\\\/fr\\\/#organization\"},\"potentialAction\":[{\"@type\":\"SearchAction\",\"target\":{\"@type\":\"EntryPoint\",\"urlTemplate\":\"https:\\\/\\\/elizabethmaymp.ca\\\/fr\\\/?s={search_term_string}\"},\"query-input\":{\"@type\":\"PropertyValueSpecification\",\"valueRequired\":true,\"valueName\":\"search_term_string\"}}],\"inLanguage\":\"en-US\"},{\"@type\":\"Organization\",\"@id\":\"https:\\\/\\\/elizabethmaymp.ca\\\/fr\\\/#organization\",\"name\":\"Elizabeth May MP\",\"url\":\"https:\\\/\\\/elizabethmaymp.ca\\\/fr\\\/\",\"logo\":{\"@type\":\"ImageObject\",\"inLanguage\":\"en-US\",\"@id\":\"https:\\\/\\\/elizabethmaymp.ca\\\/fr\\\/#\\\/schema\\\/logo\\\/image\\\/\",\"url\":\"https:\\\/\\\/elizabethmaymp.ca\\\/wp-content\\\/uploads\\\/elizabethmay-button.png\",\"contentUrl\":\"https:\\\/\\\/elizabethmaymp.ca\\\/wp-content\\\/uploads\\\/elizabethmay-button.png\",\"width\":1501,\"height\":1501,\"caption\":\"Elizabeth May MP\"},\"image\":{\"@id\":\"https:\\\/\\\/elizabethmaymp.ca\\\/fr\\\/#\\\/schema\\\/logo\\\/image\\\/\"},\"sameAs\":[\"https:\\\/\\\/www.facebook.com\\\/ElizabethMayMP\",\"https:\\\/\\\/x.com\\\/elizabethmay\"]}]}<\/script>\n<!-- \/ Yoast SEO plugin. -->","yoast_head_json":{"title":"M\u00e9daille du jubil\u00e9 de diamant | Elizabeth May","robots":{"index":"index","follow":"follow","max-snippet":"max-snippet:-1","max-image-preview":"max-image-preview:large","max-video-preview":"max-video-preview:-1"},"canonical":"https:\/\/elizabethmaymp.ca\/fr\/diamond-jubilee-medal\/","og_locale":"en_US","og_type":"article","og_title":"M\u00e9daille du jubil\u00e9 de diamant | Elizabeth May","og_description":"Le 6 f\u00e9vrier, Sa Majest\u00e9 la reine Elizabeth II soulignera le 60e anniversaire de son accession au tr\u00f4ne. Une seule fois auparavant nous n&#8217;avons c\u00e9l\u00e9br\u00e9 une telle occasion,&hellip;","og_url":"https:\/\/elizabethmaymp.ca\/fr\/diamond-jubilee-medal\/","og_site_name":"Elizabeth May","article_publisher":"https:\/\/www.facebook.com\/ElizabethMayMP","article_modified_time":"2017-08-25T20:17:24+00:00","og_image":[{"url":"http:\/\/elizabethmaymp.ca\/wp-content\/uploads\/Diamond-Jubilee-Medal-105x368.jpg","type":"","width":"","height":""}],"twitter_card":"summary_large_image","twitter_site":"@elizabethmay","twitter_misc":{"Est. reading time":"4 minutes"},"schema":{"@context":"https:\/\/schema.org","@graph":[{"@type":"WebPage","@id":"https:\/\/elizabethmaymp.ca\/fr\/diamond-jubilee-medal\/","url":"https:\/\/elizabethmaymp.ca\/fr\/diamond-jubilee-medal\/","name":"Diamond Jubilee MedalM\u00e9daille du jubil\u00e9 de diamant | Elizabeth May","isPartOf":{"@id":"https:\/\/elizabethmaymp.ca\/fr\/#website"},"primaryImageOfPage":{"@id":"https:\/\/elizabethmaymp.ca\/fr\/diamond-jubilee-medal\/#primaryimage"},"image":{"@id":"https:\/\/elizabethmaymp.ca\/fr\/diamond-jubilee-medal\/#primaryimage"},"thumbnailUrl":"http:\/\/elizabethmaymp.ca\/wp-content\/uploads\/Diamond-Jubilee-Medal-105x368.jpg","datePublished":"2012-02-14T17:37:30+00:00","dateModified":"2017-08-25T20:17:24+00:00","breadcrumb":{"@id":"https:\/\/elizabethmaymp.ca\/fr\/diamond-jubilee-medal\/#breadcrumb"},"inLanguage":"en-US","potentialAction":[{"@type":"ReadAction","target":[["https:\/\/elizabethmaymp.ca\/fr\/diamond-jubilee-medal\/"]]}]},{"@type":"ImageObject","inLanguage":"en-US","@id":"https:\/\/elizabethmaymp.ca\/fr\/diamond-jubilee-medal\/#primaryimage","url":"http:\/\/elizabethmaymp.ca\/wp-content\/uploads\/Diamond-Jubilee-Medal-105x368.jpg","contentUrl":"http:\/\/elizabethmaymp.ca\/wp-content\/uploads\/Diamond-Jubilee-Medal-105x368.jpg"},{"@type":"BreadcrumbList","@id":"https:\/\/elizabethmaymp.ca\/fr\/diamond-jubilee-medal\/#breadcrumb","itemListElement":[{"@type":"ListItem","position":1,"name":"Home","item":"https:\/\/elizabethmaymp.ca\/fr\/"},{"@type":"ListItem","position":2,"name":"M\u00e9daille du jubil\u00e9 de diamant"}]},{"@type":"WebSite","@id":"https:\/\/elizabethmaymp.ca\/fr\/#website","url":"https:\/\/elizabethmaymp.ca\/fr\/","name":"Elizabeth May","description":"MP for Saanich and Gulf Islands","publisher":{"@id":"https:\/\/elizabethmaymp.ca\/fr\/#organization"},"potentialAction":[{"@type":"SearchAction","target":{"@type":"EntryPoint","urlTemplate":"https:\/\/elizabethmaymp.ca\/fr\/?s={search_term_string}"},"query-input":{"@type":"PropertyValueSpecification","valueRequired":true,"valueName":"search_term_string"}}],"inLanguage":"en-US"},{"@type":"Organization","@id":"https:\/\/elizabethmaymp.ca\/fr\/#organization","name":"Elizabeth May MP","url":"https:\/\/elizabethmaymp.ca\/fr\/","logo":{"@type":"ImageObject","inLanguage":"en-US","@id":"https:\/\/elizabethmaymp.ca\/fr\/#\/schema\/logo\/image\/","url":"https:\/\/elizabethmaymp.ca\/wp-content\/uploads\/elizabethmay-button.png","contentUrl":"https:\/\/elizabethmaymp.ca\/wp-content\/uploads\/elizabethmay-button.png","width":1501,"height":1501,"caption":"Elizabeth May MP"},"image":{"@id":"https:\/\/elizabethmaymp.ca\/fr\/#\/schema\/logo\/image\/"},"sameAs":["https:\/\/www.facebook.com\/ElizabethMayMP","https:\/\/x.com\/elizabethmay"]}]}},"ticketed":false,"_links":{"self":[{"href":"https:\/\/elizabethmaymp.ca\/fr\/wp-json\/wp\/v2\/pages\/2993","targetHints":{"allow":["GET"]}}],"collection":[{"href":"https:\/\/elizabethmaymp.ca\/fr\/wp-json\/wp\/v2\/pages"}],"about":[{"href":"https:\/\/elizabethmaymp.ca\/fr\/wp-json\/wp\/v2\/types\/page"}],"author":[{"embeddable":true,"href":"https:\/\/elizabethmaymp.ca\/fr\/wp-json\/wp\/v2\/users\/3"}],"replies":[{"embeddable":true,"href":"https:\/\/elizabethmaymp.ca\/fr\/wp-json\/wp\/v2\/comments?post=2993"}],"version-history":[{"count":21,"href":"https:\/\/elizabethmaymp.ca\/fr\/wp-json\/wp\/v2\/pages\/2993\/revisions"}],"predecessor-version":[{"id":18788,"href":"https:\/\/elizabethmaymp.ca\/fr\/wp-json\/wp\/v2\/pages\/2993\/revisions\/18788"}],"wp:attachment":[{"href":"https:\/\/elizabethmaymp.ca\/fr\/wp-json\/wp\/v2\/media?parent=2993"}],"curies":[{"name":"wp","href":"https:\/\/api.w.org\/{rel}","templated":true}]}}