{"id":596,"date":"2011-11-15T22:07:57","date_gmt":"2011-11-15T22:07:57","guid":{"rendered":"http:\/\/dev2.elizabethmaymp.ca\/?page_id=596"},"modified":"2016-01-07T14:55:46","modified_gmt":"2016-01-07T19:55:46","slug":"events","status":"publish","type":"page","link":"https:\/\/elizabethmaymp.ca\/fr\/home\/public-events\/events\/","title":{"rendered":"Ev\u00e9nements"},"content":{"rendered":"<p><\/p>\n<h2>UVic : Joignez-vous \u00e0 Elizabeth May pour manifester pour une meilleure accessibilit\u00e9 sur le campus<\/h2>\n<div>\n<div>\n<div>Date de l&#8217;\u00e9v\u00e9nement:<\/div>\n<div>\n<div>20 Janvier 2012 &#8211; 12:00pm<\/div>\n<\/div>\n<\/div>\n<p lang=\"en-CA\"><strong>Venez montrer votre appui \u00e0 un<\/strong><strong>e accessibilit\u00e9 accrue sur le campus!<\/strong><\/p>\n<p lang=\"fr-CA\"><strong>Avec Elizabeth\u00a0May et Miles\u00a0Motture, \u00e9tudiant en droit \u00e0 l&#8217;Universit\u00e9 de Victoria<\/strong><\/p>\n<p lang=\"en-CA\"><strong>O\u00f9\u00a0<\/strong><strong>:<\/strong>\u00a0pavillon de l&#8217;association \u00e9tudiante, Universit\u00e9 de Victoria<br \/>\n<strong>Quand\u00a0:<\/strong>\u00a0vendredi\u00a020\u00a0janvier\u00a02012, de 12\u00a0h \u00e0 13\u00a0h<\/p>\n<p lang=\"en-CA\">L&#8217;Universit\u00e9 de Victoria apportait r\u00e9cemment des changements \u00e0 sa politique d&#8217;admission aux r\u00e9sidences, de telle sorte que les \u00e9tudiantes et les \u00e9tudiants handicap\u00e9s qui doivent \u00eatre log\u00e9s sur le campus n&#8217;ont plus la priorit\u00e9 pour les places offertes. Ces changements ont contraint certains \u00e9tudiants \u00e0 renoncer \u00e0 leurs \u00e9tudes, puisque le quartier n&#8217;offre pratiquement aucune autre forme d&#8217;h\u00e9bergement accessible. Apr\u00e8s deux rencontres avec l&#8217;ex\u00e9cutif responsable des services aux \u00e9tudiants, l&#8217;Universit\u00e9 n&#8217;avait m\u00eame pas pr\u00e9vu de discussion \u00e0 ce sujet \u00e0 son calendrier de rencontres.<\/p>\n<p lang=\"en-CA\">Les ressources de l&#8217;UVic Society for Students with Disabilities (Soci\u00e9t\u00e9 des \u00e9tudiantes et des \u00e9tudiants handicap\u00e9s d&#8217;UVic) \u00e9tant limit\u00e9es, elle a besoin de votre aide pour attirer l&#8217;attention sur cette question. S&#8217;il vous pla\u00eet, venez en grand nombre et amenez vos pancartes! Pour de plus amples renseignements, communiquez avec Kimberlee\u00a0Graham\u00a0Knight au <a href=\"tel:250-858-8591\">250-858-8591<\/a> ou par courriel \u00e0 <a href=\"mailto:kimberleegrahamknight@yahoo.ca\">kimberleegrahamknight@yahoo.ca<\/a>.<\/p>\n<p lang=\"en-CA\"><a href=\"http:\/\/www.facebook.com\/events\/122601441191383\/\" target=\"_blank\" rel=\"noopener noreferrer\">Rejoignez l&#8217;\u00e9v\u00e9nement sur Facebook &gt;&gt;<\/a><\/p>\n<\/div>\n<h2>\u00c9v\u00e9nements communautaires pr\u00e8s de chez vous en Janvier<\/h2>\n<p>Elizabeth est la tenue d&#8217;une s\u00e9rie d&#8217;\u00e9v\u00e9nements tout au long de Saanich-Gulf Islands en Janvier. C&#8217;est une grande opportunit\u00e9 de la rencontrer et de poser des questions. Si vous souhaitez rencontrer \u00c9lisabeth, mais sont incapables d&#8217;assister \u00e0 une de ces s\u00e9ances, s&#8217;il vous pla\u00eet n&#8217;h\u00e9sitez pas \u00e0 contacter le bureau de circonscription \u00e0 Sidney au 250-657-2000.<\/p>\n<h3>L&#8217;\u00eele Pender &#8211; 12 janvier<\/h3>\n<p><em>17h30\u00a0\u00e0 19h30<\/em><\/p>\n<p>Pender Community Hall<br \/>\n4418 Bedwell Harbour Road<br \/>\nPender Island, BC V0N 2M1<\/p>\n<p><em>10 h\u00a0\u00e0 16 h<\/em><\/p>\n<p>Pender Community Hall<br \/>\n4418 Bedwell Harbour Road<br \/>\nPender Island, BC V0N 2M1<\/p>\n<h3>L&#8217;\u00eele Galiano &#8211; 14 janvier<\/h3>\n<p><em>18 h\u00a0\u00e0 19h30<\/em><\/p>\n<p>Lion&#8217;s Hall<br \/>\n930 Route Burrill<br \/>\nGaliano, en Colombie-Britannique V0N 1P0<\/p>\n<p><em>12 h \u00e0 17 h<\/em><\/p>\n<p>Lieu \u00e0 confirmer<\/p>\n<h3>L&#8217;\u00eele Salt Spring &#8211; 16 janvier<\/h3>\n<p><em>19 h\u00a0\u00e0 21 h<\/em><\/p>\n<p>Gulf Island Secondary School<br \/>\nSalle polyvalente<br \/>\n112 Rainbow Road<br \/>\nSalt Spring Island, BC V8K 2R7<\/p>\n<p><em>11 h \u00a0\u00e0 18 h<\/em><\/p>\n<p>Lieu \u00e0 confirmer<\/p>\n<h3>Saanich &#8211; 19 janvier<\/h3>\n<p><em>19 h \u00a0\u00e0\u00a0 21 h<\/em><\/p>\n<p>Saanich Commonwealth Place<br \/>\nArbutus Room<br \/>\n4636 Elk Lake Drive<br \/>\nSaanich, C.-B. V8Z 5M2<\/p>\n<h3>L&#8217;\u00eele Mayne Island &#8211; 21 janvier<\/h3>\n<p><em>17h30\u00a0\u00a0\u00e0\u00a0 19 h<\/em><\/p>\n<p>Mayne Island Community Centre<br \/>\n493 Felix Road Jack<br \/>\nMayne, \u00a0C.-B.\u00a0 V0N 2J0<\/p>\n<p><em>12 h \u00e0 16 h<\/em><\/p>\n<p>Mayne Island Community Centre<br \/>\n493 Felix Road Jack<br \/>\nMayne, \u00a0C.-B.\u00a0 V0N 2J0<\/p>\n<h3>Central Saanich &#8211; 23 janvier<\/h3>\n<p><em>19 h \u00a0\u00e0 21 h<\/em><\/p>\n<p>Saanich Fairground<br \/>\nPoplar Room<br \/>\n1528 Stellys Cross Road<br \/>\nSaanichton, BC V8M 1S8<\/p>\n<h3>L&#8217;\u00eele Saturna Island &#8211; 24 janvier<\/h3>\n<p><em>19 h\u00a0\u00e0 21 h<\/em><\/p>\n<p>Saturna Community Hall<br \/>\n109 route de East Point<br \/>\nSaturna, en C.-B. V0N 2Y0<\/p>\n<p><em>11 h\u00a0\u00e0 16 h<\/em><br \/>\nLieu \u00e0 confirmer<\/p>\n<h3>Sidney &#8211; 25 janvier<\/h3>\n<p><em>19 h\u00a0\u00e0 21 h<\/em><\/p>\n<p>\u00c9glise anglicane Saint-Andrew<br \/>\n9691 Fourth Street<br \/>\nSidney, C.-B. V8L 2Y8<\/p>","protected":false},"excerpt":{"rendered":"<p>UVic : Joignez-vous \u00e0 Elizabeth May pour manifester pour une meilleure accessibilit\u00e9 sur le campus Date de l&#8217;\u00e9v\u00e9nement: 20 Janvier 2012 &#8211; 12:00pm Venez montrer votre appui \u00e0&hellip;<\/p>\n","protected":false},"author":3,"featured_media":0,"parent":17,"menu_order":0,"comment_status":"open","ping_status":"open","template":"","meta":{"_acf_changed":false,"_price":"","_stock":"","_tribe_ticket_header":"","_tribe_default_ticket_provider":"","_tribe_ticket_capacity":"","_ticket_start_date":"","_ticket_end_date":"","_tribe_ticket_show_description":"","_tribe_ticket_show_not_going":false,"_tribe_ticket_use_global_stock":"","_tribe_ticket_global_stock_level":"","_global_stock_mode":"","_global_stock_cap":"","_tribe_rsvp_for_event":"","_tribe_ticket_going_count":"","_tribe_ticket_not_going_count":"","_tribe_tickets_list":"[]","_tribe_ticket_has_attendee_info_fields":false,"footnotes":"","_tec_slr_enabled":"","_tec_slr_layout":""},"class_list":["post-596","page","type-page","status-publish","hentry"],"acf":[],"yoast_head":"<!-- This site is optimized with the Yoast SEO plugin v27.5 - https:\/\/yoast.com\/product\/yoast-seo-wordpress\/ -->\n<title>Ev\u00e9nements | Elizabeth May<\/title>\n<meta name=\"robots\" content=\"index, follow, max-snippet:-1, max-image-preview:large, max-video-preview:-1\" \/>\n<link rel=\"canonical\" href=\"https:\/\/elizabethmaymp.ca\/fr\/home\/public-events\/events\/\" \/>\n<meta property=\"og:locale\" content=\"en_US\" \/>\n<meta property=\"og:type\" content=\"article\" \/>\n<meta property=\"og:title\" content=\"Ev\u00e9nements | Elizabeth May\" \/>\n<meta property=\"og:description\" content=\"UVic : Joignez-vous \u00e0 Elizabeth May pour manifester pour une meilleure accessibilit\u00e9 sur le campus Date de l&#8217;\u00e9v\u00e9nement: 20 Janvier 2012 &#8211; 12:00pm Venez montrer votre appui \u00e0&hellip;\" \/>\n<meta property=\"og:url\" content=\"https:\/\/elizabethmaymp.ca\/fr\/home\/public-events\/events\/\" \/>\n<meta property=\"og:site_name\" content=\"Elizabeth May\" \/>\n<meta property=\"article:publisher\" content=\"https:\/\/www.facebook.com\/ElizabethMayMP\" \/>\n<meta property=\"article:modified_time\" content=\"2016-01-07T19:55:46+00:00\" \/>\n<meta property=\"og:image\" content=\"https:\/\/elizabethmaymp.ca\/wp-content\/uploads\/cropped-elizabethmay-button.png\" \/>\n\t<meta property=\"og:image:width\" content=\"512\" \/>\n\t<meta property=\"og:image:height\" content=\"512\" \/>\n\t<meta property=\"og:image:type\" content=\"image\/png\" \/>\n<meta name=\"twitter:card\" content=\"summary_large_image\" \/>\n<meta name=\"twitter:site\" content=\"@elizabethmay\" \/>\n<meta name=\"twitter:label1\" content=\"Est. reading time\" \/>\n\t<meta name=\"twitter:data1\" content=\"5 minutes\" \/>\n<script type=\"application\/ld+json\" class=\"yoast-schema-graph\">{\"@context\":\"https:\\\/\\\/schema.org\",\"@graph\":[{\"@type\":\"WebPage\",\"@id\":\"https:\\\/\\\/elizabethmaymp.ca\\\/fr\\\/home\\\/public-events\\\/events\\\/\",\"url\":\"https:\\\/\\\/elizabethmaymp.ca\\\/fr\\\/home\\\/public-events\\\/events\\\/\",\"name\":\"EventsEv\u00e9nements | Elizabeth May\",\"isPartOf\":{\"@id\":\"https:\\\/\\\/elizabethmaymp.ca\\\/fr\\\/#website\"},\"datePublished\":\"2011-11-15T22:07:57+00:00\",\"dateModified\":\"2016-01-07T19:55:46+00:00\",\"breadcrumb\":{\"@id\":\"https:\\\/\\\/elizabethmaymp.ca\\\/fr\\\/home\\\/public-events\\\/events\\\/#breadcrumb\"},\"inLanguage\":\"en-US\",\"potentialAction\":[{\"@type\":\"ReadAction\",\"target\":[[\"https:\\\/\\\/elizabethmaymp.ca\\\/fr\\\/home\\\/public-events\\\/events\\\/\"]]}]},{\"@type\":\"BreadcrumbList\",\"@id\":\"https:\\\/\\\/elizabethmaymp.ca\\\/fr\\\/home\\\/public-events\\\/events\\\/#breadcrumb\",\"itemListElement\":[{\"@type\":\"ListItem\",\"position\":1,\"name\":\"Home\",\"item\":\"https:\\\/\\\/elizabethmaymp.ca\\\/fr\\\/\"},{\"@type\":\"ListItem\",\"position\":2,\"name\":\"Meet Elizabeth May\",\"item\":\"https:\\\/\\\/elizabethmaymp.ca\\\/fr\\\/\"},{\"@type\":\"ListItem\",\"position\":3,\"name\":\"Public Events and Town Halls\",\"item\":\"https:\\\/\\\/elizabethmaymp.ca\\\/fr\\\/home\\\/public-events\\\/\"},{\"@type\":\"ListItem\",\"position\":4,\"name\":\"Events\"}]},{\"@type\":\"WebSite\",\"@id\":\"https:\\\/\\\/elizabethmaymp.ca\\\/fr\\\/#website\",\"url\":\"https:\\\/\\\/elizabethmaymp.ca\\\/fr\\\/\",\"name\":\"Elizabeth May\",\"description\":\"MP for Saanich and Gulf Islands\",\"publisher\":{\"@id\":\"https:\\\/\\\/elizabethmaymp.ca\\\/fr\\\/#organization\"},\"potentialAction\":[{\"@type\":\"SearchAction\",\"target\":{\"@type\":\"EntryPoint\",\"urlTemplate\":\"https:\\\/\\\/elizabethmaymp.ca\\\/fr\\\/?s={search_term_string}\"},\"query-input\":{\"@type\":\"PropertyValueSpecification\",\"valueRequired\":true,\"valueName\":\"search_term_string\"}}],\"inLanguage\":\"en-US\"},{\"@type\":\"Organization\",\"@id\":\"https:\\\/\\\/elizabethmaymp.ca\\\/fr\\\/#organization\",\"name\":\"Elizabeth May MP\",\"url\":\"https:\\\/\\\/elizabethmaymp.ca\\\/fr\\\/\",\"logo\":{\"@type\":\"ImageObject\",\"inLanguage\":\"en-US\",\"@id\":\"https:\\\/\\\/elizabethmaymp.ca\\\/fr\\\/#\\\/schema\\\/logo\\\/image\\\/\",\"url\":\"https:\\\/\\\/elizabethmaymp.ca\\\/wp-content\\\/uploads\\\/elizabethmay-button.png\",\"contentUrl\":\"https:\\\/\\\/elizabethmaymp.ca\\\/wp-content\\\/uploads\\\/elizabethmay-button.png\",\"width\":1501,\"height\":1501,\"caption\":\"Elizabeth May MP\"},\"image\":{\"@id\":\"https:\\\/\\\/elizabethmaymp.ca\\\/fr\\\/#\\\/schema\\\/logo\\\/image\\\/\"},\"sameAs\":[\"https:\\\/\\\/www.facebook.com\\\/ElizabethMayMP\",\"https:\\\/\\\/x.com\\\/elizabethmay\"]}]}<\/script>\n<!-- \/ Yoast SEO plugin. -->","yoast_head_json":{"title":"Ev\u00e9nements | Elizabeth May","robots":{"index":"index","follow":"follow","max-snippet":"max-snippet:-1","max-image-preview":"max-image-preview:large","max-video-preview":"max-video-preview:-1"},"canonical":"https:\/\/elizabethmaymp.ca\/fr\/home\/public-events\/events\/","og_locale":"en_US","og_type":"article","og_title":"Ev\u00e9nements | Elizabeth May","og_description":"UVic : Joignez-vous \u00e0 Elizabeth May pour manifester pour une meilleure accessibilit\u00e9 sur le campus Date de l&#8217;\u00e9v\u00e9nement: 20 Janvier 2012 &#8211; 12:00pm Venez montrer votre appui \u00e0&hellip;","og_url":"https:\/\/elizabethmaymp.ca\/fr\/home\/public-events\/events\/","og_site_name":"Elizabeth May","article_publisher":"https:\/\/www.facebook.com\/ElizabethMayMP","article_modified_time":"2016-01-07T19:55:46+00:00","og_image":[{"width":512,"height":512,"url":"https:\/\/elizabethmaymp.ca\/wp-content\/uploads\/cropped-elizabethmay-button.png","type":"image\/png"}],"twitter_card":"summary_large_image","twitter_site":"@elizabethmay","twitter_misc":{"Est. reading time":"5 minutes"},"schema":{"@context":"https:\/\/schema.org","@graph":[{"@type":"WebPage","@id":"https:\/\/elizabethmaymp.ca\/fr\/home\/public-events\/events\/","url":"https:\/\/elizabethmaymp.ca\/fr\/home\/public-events\/events\/","name":"EventsEv\u00e9nements | Elizabeth May","isPartOf":{"@id":"https:\/\/elizabethmaymp.ca\/fr\/#website"},"datePublished":"2011-11-15T22:07:57+00:00","dateModified":"2016-01-07T19:55:46+00:00","breadcrumb":{"@id":"https:\/\/elizabethmaymp.ca\/fr\/home\/public-events\/events\/#breadcrumb"},"inLanguage":"en-US","potentialAction":[{"@type":"ReadAction","target":[["https:\/\/elizabethmaymp.ca\/fr\/home\/public-events\/events\/"]]}]},{"@type":"BreadcrumbList","@id":"https:\/\/elizabethmaymp.ca\/fr\/home\/public-events\/events\/#breadcrumb","itemListElement":[{"@type":"ListItem","position":1,"name":"Home","item":"https:\/\/elizabethmaymp.ca\/fr\/"},{"@type":"ListItem","position":2,"name":"Meet Elizabeth May","item":"https:\/\/elizabethmaymp.ca\/fr\/"},{"@type":"ListItem","position":3,"name":"Public Events and Town Halls","item":"https:\/\/elizabethmaymp.ca\/fr\/home\/public-events\/"},{"@type":"ListItem","position":4,"name":"Events"}]},{"@type":"WebSite","@id":"https:\/\/elizabethmaymp.ca\/fr\/#website","url":"https:\/\/elizabethmaymp.ca\/fr\/","name":"Elizabeth May","description":"MP for Saanich and Gulf Islands","publisher":{"@id":"https:\/\/elizabethmaymp.ca\/fr\/#organization"},"potentialAction":[{"@type":"SearchAction","target":{"@type":"EntryPoint","urlTemplate":"https:\/\/elizabethmaymp.ca\/fr\/?s={search_term_string}"},"query-input":{"@type":"PropertyValueSpecification","valueRequired":true,"valueName":"search_term_string"}}],"inLanguage":"en-US"},{"@type":"Organization","@id":"https:\/\/elizabethmaymp.ca\/fr\/#organization","name":"Elizabeth May MP","url":"https:\/\/elizabethmaymp.ca\/fr\/","logo":{"@type":"ImageObject","inLanguage":"en-US","@id":"https:\/\/elizabethmaymp.ca\/fr\/#\/schema\/logo\/image\/","url":"https:\/\/elizabethmaymp.ca\/wp-content\/uploads\/elizabethmay-button.png","contentUrl":"https:\/\/elizabethmaymp.ca\/wp-content\/uploads\/elizabethmay-button.png","width":1501,"height":1501,"caption":"Elizabeth May MP"},"image":{"@id":"https:\/\/elizabethmaymp.ca\/fr\/#\/schema\/logo\/image\/"},"sameAs":["https:\/\/www.facebook.com\/ElizabethMayMP","https:\/\/x.com\/elizabethmay"]}]}},"ticketed":false,"_links":{"self":[{"href":"https:\/\/elizabethmaymp.ca\/fr\/wp-json\/wp\/v2\/pages\/596","targetHints":{"allow":["GET"]}}],"collection":[{"href":"https:\/\/elizabethmaymp.ca\/fr\/wp-json\/wp\/v2\/pages"}],"about":[{"href":"https:\/\/elizabethmaymp.ca\/fr\/wp-json\/wp\/v2\/types\/page"}],"author":[{"embeddable":true,"href":"https:\/\/elizabethmaymp.ca\/fr\/wp-json\/wp\/v2\/users\/3"}],"replies":[{"embeddable":true,"href":"https:\/\/elizabethmaymp.ca\/fr\/wp-json\/wp\/v2\/comments?post=596"}],"version-history":[{"count":17,"href":"https:\/\/elizabethmaymp.ca\/fr\/wp-json\/wp\/v2\/pages\/596\/revisions"}],"predecessor-version":[{"id":16337,"href":"https:\/\/elizabethmaymp.ca\/fr\/wp-json\/wp\/v2\/pages\/596\/revisions\/16337"}],"up":[{"embeddable":true,"href":"https:\/\/elizabethmaymp.ca\/fr\/wp-json\/wp\/v2\/pages\/17"}],"wp:attachment":[{"href":"https:\/\/elizabethmaymp.ca\/fr\/wp-json\/wp\/v2\/media?parent=596"}],"curies":[{"name":"wp","href":"https:\/\/api.w.org\/{rel}","templated":true}]}}