{"id":86,"date":"2011-06-21T14:14:06","date_gmt":"2011-06-21T14:14:06","guid":{"rendered":"http:\/\/elizabethmaymp.westcoastdesignco.org\/?page_id=86"},"modified":"2021-02-18T21:14:18","modified_gmt":"2021-02-19T02:14:18","slug":"youth-resources","status":"publish","type":"page","link":"https:\/\/elizabethmaymp.ca\/fr\/youth-resources\/","title":{"rendered":"Ressources pour les jeunes"},"content":{"rendered":"<p><\/p>\n<h3>Aide financi\u00e8re<\/h3>\n<h6>Subventions aux apprentis<\/h6>\n<p>Le gouvernement du Canada s\u2019engage \u00e0 appuyer les apprentis inscrits tout au long de leur formation. Le pr\u00eat canadien aux apprentis peut vous aider \u00e0 obtenir l\u2019argent dont vous avez besoin pour atteindre vos objectifs de carri\u00e8re.<\/p>\n<p><a class=\"button\" href=\"https:\/\/www.canada.ca\/fr\/emploi-developpement-social\/services\/apprentis\/subventions.html\">En savoir plus<\/a><\/p>\n<h6>Pr\u00eats d&#8217;\u00e9tudes canadiens<\/h6>\n<p>Le gouvernement du Canada offre des bourses et des pr\u00eats aux \u00e9tudiants \u00e0 temps plein et \u00e0 temps partiel. Les bourses et les pr\u00eats aident les \u00e9tudiants \u00e0 payer leurs \u00e9tudes postsecondaires.<\/p>\n<p><a class=\"button\" href=\"https:\/\/www.canada.ca\/fr\/services\/prestations\/education\/aide-etudiants\/bourses-prets.html\">Ce qu&#8217;offrent les pr\u00eats aux \u00e9tudiants<\/a><\/p>\n<h6>Prestation pour invalidit\u00e9 grave et permanente<\/h6>\n<p>Les emprunteurs ayant une invalidit\u00e9 grave et permanente qui ne sont pas en mesure de rembourser leurs pr\u00eats \u00e9tudiants canadiens peuvent \u00eatre admissibles \u00e0 l&#8217;annulation de leur dette par l&#8217;entremise de la Prestation pour invalidit\u00e9 grave et permanente.<\/p>\n<p><a class=\"button\" href=\"https:\/\/www.canada.ca\/fr\/services\/prestations\/education\/aide-etudiants\/bourses-prets\/rembourser\/aide-remboursement\/invalidite-grave.html\">En savoir plus<\/a><\/p>\n<h6><abbr>EDC<\/abbr> bourse d&#8217;\u00e9tudes internationales<\/h6>\n<p>&#8220;Dans le cadre de notre Programme \u00c9ducation jeunesse, nous accordons chaque ann\u00e9e un maximum de 25 bourses d\u2019\u00e9tudes \u00e0 des \u00e9tudiants de premier cycle en commerce international au coll\u00e8ge ou \u00e0 l\u2019universit\u00e9. Nous remettons \u00e9galement cinq bourses en commerce international \u00e0 des \u00e9tudiants inscrits \u00e0 un programme combinant des \u00e9tudes en commerce avec des \u00e9tudes en gestion durable ou en sciences environnementales. Chacune des bourses vaut 4 000 $. Vous avez du d\u00e9but novembre jusqu\u2019\u00e0 la fin f\u00e9vrier pour soumettre votre candidature.&#8221;<\/p>\n<p><a class=\"button\" href=\"https:\/\/www.edc.ca\/fr\/a-propos-de-nous\/programmes-etudiants\/bourses.html\">En savoir plus sur ce programme<\/a><\/p>\n<h3>Aide \u00e0 l&#8217;emploi<\/h3>\n<h6>Strat\u00e9gie emploi et comp\u00e9tences jeunesse<\/h6>\n<p>La Strat\u00e9gie emploi et comp\u00e9tences jeunesse (<abbr>SECJ<\/abbr>) est l\u2019engagement du gouvernement du Canada d&#8217;aider les jeunes, en particulier ceux qui font face \u00e0 des obstacles \u00e0 l&#8217;emploi, \u00e0 obtenir l&#8217;information et \u00e0 acqu\u00e9rir les comp\u00e9tences, l&#8217;exp\u00e9rience de travail et les aptitudes n\u00e9cessaires pour faire une transition r\u00e9ussie vers le march\u00e9 du travail.<\/p>\n<p>La\u00a0<abbr>SECJ<\/abbr>\u00a0est une initiative horizontale dans laquelle sont engag\u00e9s onze minist\u00e8res et organismes f\u00e9d\u00e9raux. Les trois volets sous la Strat\u00e9gie emploi jeunesse (<abbr>SEJ<\/abbr>) pr\u00e9c\u00e9dente sont les programmes Connexion comp\u00e9tences, Objectif carri\u00e8re et Exp\u00e9rience emploi \u00e9t\u00e9 (\u00e0 l\u2019exclusion du programme Emplois d\u2019\u00e9t\u00e9 Canada) qui s\u2019inscrivaient auparavant dans la Strat\u00e9gie emploi jeunesse, ont \u00e9t\u00e9 fusionn\u00e9s pour cr\u00e9er un seul programme int\u00e9gr\u00e9.<\/p>\n<p><a class=\"button\" href=\"https:\/\/www.canada.ca\/fr\/emploi-developpement-social\/services\/financement\/strategie-emploi-jeunesse.html\">En savoir plus sur SECJ<\/a><\/p>\n<h6>Programme f\u00e9d\u00e9ral d&#8217;exp\u00e9rience de travail \u00e9tudiant<\/h6>\n<p>Venez acqu\u00e9rir une exp\u00e9rience pr\u00e9cieuse et pertinente en travaillant pour un des plus importants employeurs d\u2019\u00e9tudiants au Canada. Explorez les centaines de carri\u00e8res et les milliers d\u2019emplois offerts par le gouvernement du Canada dans l\u2019ensemble du pays.\u00a0<a href=\"https:\/\/www.canada.ca\/fr\/secretariat-conseil-tresor\/services\/remuneration\/taux-remuneration\/taux-remuneration-etudiants.html\">Consultez les taux de r\u00e9mun\u00e9ration<\/a>.<\/p>\n<p><a class=\"button\" href=\"https:\/\/www.canada.ca\/fr\/commission-fonction-publique\/emplois\/services\/recrutement\/etudiants\/programme-federal-experience-travail-etudiant.html\">En savoir plus sur ce programme<\/a><\/p>\n<h6>Services jeunesse Canada<\/h6>\n<p>Un mouvement national pour b\u00e2tir une culture de service b\u00e9n\u00e9vole qui donne aux jeunes canadiens les moyens de faire changer les choses.<\/p>\n<p><a class=\"button\" href=\"https:\/\/www.canada.ca\/fr\/services\/jeunesse\/service-jeunesse-canada.html\">Pour plus d&#8217;info sur Services jeunesse<\/a><\/p>\n<h3>Programmes d&#8217;\u00e9change<\/h3>\n<h6>Programmes de langues officielles<\/h6>\n<p>Les PLO (<a href=\"http:\/\/www.servicecanada.gc.ca\/eng\/goc\/students_explore.shtml\">Explore<\/a>, <a href=\"http:\/\/www.servicecanada.gc.ca\/eng\/goc\/destination_clic.shtml\">Destination Clic<\/a> et <a href=\"http:\/\/www.servicecanada.gc.ca\/eng\/goc\/odyssey.shtml\">Odyss\u00e9e<\/a>) sont financ\u00e9s par le gouvernement du Canada et administr\u00e9s par les minist\u00e8res de l\u2019\u00c9ducation de tout le pays. Des repr\u00e9sentants de chaque province et territoire collaborent avec le Conseil des ministres de l\u2019\u00c9ducation (Canada) [CMEC] afin de promouvoir les programmes, d\u2019\u00e9tablir des proc\u00e9dures et des r\u00e8glements communs, et de s\u2019assurer de la r\u00e9ussite de tous les participants.<\/p>\n<p><a class=\"button\" href=\"https:\/\/francaisanglais.ca\/\">Cliquez ici pour en savoir plus des Programmes de langues officielles<\/a><\/p>\n<h3>Autres ressources<\/h3>\n<h6>Guide sur la s\u00e9paration et le divorce<\/h6>\n<p>Des renseignements adapt\u00e9s \u00e0 l\u2019\u00e2ge des enfants afin d\u2019aider les plus jeunes, les ados et les parents en cas de rupture familiale.<\/p>\n<p><a class=\"button \" href=\"https:\/\/bc.familieschange.ca\/fr\">Pour plus d&#8217;info<\/a><\/p>\n<h6 id=\"wb-cont\" dir=\"ltr\">Participation des jeunes<\/h6>\n<p>La toute premi\u00e8re\u00a0<a href=\"https:\/\/www.canada.ca\/fr\/jeunesse\/programmes\/politique.html\">Politique jeunesse<\/a>\u00a0nationale du Canada renferme un engagement \u00e0 cr\u00e9er des occasions concr\u00e8tes o\u00f9 la voix des jeunes pourra \u00eatre entendue, respect\u00e9e et prise en compte.<\/p>\n<p><a class=\"button\" href=\"https:\/\/www.canada.ca\/fr\/jeunesse\/services\/engagement.html\">Participez dans votre d\u00e9mocratie<\/a><\/p>","protected":false},"excerpt":{"rendered":"<p>Aide financi\u00e8re Subventions aux apprentis Le gouvernement du Canada s\u2019engage \u00e0 appuyer les apprentis inscrits tout au long de leur formation. Le pr\u00eat canadien aux apprentis peut vous&hellip;<\/p>\n","protected":false},"author":1,"featured_media":24447,"parent":0,"menu_order":7,"comment_status":"closed","ping_status":"closed","template":"","meta":{"_acf_changed":false,"_price":"","_stock":"","_tribe_ticket_header":"","_tribe_default_ticket_provider":"","_tribe_ticket_capacity":"","_ticket_start_date":"","_ticket_end_date":"","_tribe_ticket_show_description":"","_tribe_ticket_show_not_going":false,"_tribe_ticket_use_global_stock":"","_tribe_ticket_global_stock_level":"","_global_stock_mode":"","_global_stock_cap":"","_tribe_rsvp_for_event":"","_tribe_ticket_going_count":"","_tribe_ticket_not_going_count":"","_tribe_tickets_list":"[]","_tribe_ticket_has_attendee_info_fields":false,"footnotes":"","_tec_slr_enabled":"","_tec_slr_layout":""},"class_list":["post-86","page","type-page","status-publish","has-post-thumbnail","hentry"],"acf":[],"yoast_head":"<!-- This site is optimized with the Yoast SEO plugin v27.4 - https:\/\/yoast.com\/product\/yoast-seo-wordpress\/ -->\n<title>Ressources pour les jeunes | Elizabeth May<\/title>\n<meta name=\"robots\" content=\"index, follow, max-snippet:-1, max-image-preview:large, max-video-preview:-1\" \/>\n<link rel=\"canonical\" href=\"https:\/\/elizabethmaymp.ca\/fr\/youth-resources\/\" \/>\n<meta property=\"og:locale\" content=\"en_US\" \/>\n<meta property=\"og:type\" content=\"article\" \/>\n<meta property=\"og:title\" content=\"Ressources pour les jeunes | Elizabeth May\" \/>\n<meta property=\"og:description\" content=\"Aide financi\u00e8re Subventions aux apprentis Le gouvernement du Canada s\u2019engage \u00e0 appuyer les apprentis inscrits tout au long de leur formation. Le pr\u00eat canadien aux apprentis peut vous&hellip;\" \/>\n<meta property=\"og:url\" content=\"https:\/\/elizabethmaymp.ca\/fr\/youth-resources\/\" \/>\n<meta property=\"og:site_name\" content=\"Elizabeth May\" \/>\n<meta property=\"article:publisher\" content=\"https:\/\/www.facebook.com\/ElizabethMayMP\" \/>\n<meta property=\"article:modified_time\" content=\"2021-02-19T02:14:18+00:00\" \/>\n<meta property=\"og:image\" content=\"https:\/\/elizabethmaymp.ca\/wp-content\/uploads\/Copy-of-IMG_1487.jpg\" \/>\n\t<meta property=\"og:image:width\" content=\"1000\" \/>\n\t<meta property=\"og:image:height\" content=\"750\" \/>\n\t<meta property=\"og:image:type\" content=\"image\/jpeg\" \/>\n<meta name=\"twitter:card\" content=\"summary_large_image\" \/>\n<meta name=\"twitter:site\" content=\"@elizabethmay\" \/>\n<meta name=\"twitter:label1\" content=\"Est. reading time\" \/>\n\t<meta name=\"twitter:data1\" content=\"6 minutes\" \/>\n<script type=\"application\/ld+json\" class=\"yoast-schema-graph\">{\"@context\":\"https:\\\/\\\/schema.org\",\"@graph\":[{\"@type\":\"WebPage\",\"@id\":\"https:\\\/\\\/elizabethmaymp.ca\\\/fr\\\/youth-resources\\\/\",\"url\":\"https:\\\/\\\/elizabethmaymp.ca\\\/fr\\\/youth-resources\\\/\",\"name\":\"Ressources pour les jeunes | Elizabeth May\",\"isPartOf\":{\"@id\":\"https:\\\/\\\/elizabethmaymp.ca\\\/fr\\\/#website\"},\"primaryImageOfPage\":{\"@id\":\"https:\\\/\\\/elizabethmaymp.ca\\\/fr\\\/youth-resources\\\/#primaryimage\"},\"image\":{\"@id\":\"https:\\\/\\\/elizabethmaymp.ca\\\/youth-resources\\\/#primaryimage\"},\"thumbnailUrl\":\"https:\\\/\\\/elizabethmaymp.ca\\\/wp-content\\\/uploads\\\/Copy-of-IMG_1487.jpg\",\"datePublished\":\"2011-06-21T14:14:06+00:00\",\"dateModified\":\"2021-02-19T02:14:18+00:00\",\"breadcrumb\":{\"@id\":\"https:\\\/\\\/elizabethmaymp.ca\\\/fr\\\/youth-resources\\\/#breadcrumb\"},\"inLanguage\":\"en-US\",\"potentialAction\":[{\"@type\":\"ReadAction\",\"target\":[[\"https:\\\/\\\/elizabethmaymp.ca\\\/fr\\\/youth-resources\\\/\"]]}]},{\"@type\":\"ImageObject\",\"inLanguage\":\"en-US\",\"@id\":\"https:\\\/\\\/elizabethmaymp.ca\\\/fr\\\/youth-resources\\\/#primaryimage\",\"url\":\"https:\\\/\\\/elizabethmaymp.ca\\\/wp-content\\\/uploads\\\/Copy-of-IMG_1487.jpg\",\"contentUrl\":\"https:\\\/\\\/elizabethmaymp.ca\\\/wp-content\\\/uploads\\\/Copy-of-IMG_1487.jpg\",\"width\":1000,\"height\":750},{\"@type\":\"BreadcrumbList\",\"@id\":\"https:\\\/\\\/elizabethmaymp.ca\\\/fr\\\/youth-resources\\\/#breadcrumb\",\"itemListElement\":[{\"@type\":\"ListItem\",\"position\":1,\"name\":\"Home\",\"item\":\"https:\\\/\\\/elizabethmaymp.ca\\\/fr\\\/\"},{\"@type\":\"ListItem\",\"position\":2,\"name\":\"Resources for Youth\"}]},{\"@type\":\"WebSite\",\"@id\":\"https:\\\/\\\/elizabethmaymp.ca\\\/fr\\\/#website\",\"url\":\"https:\\\/\\\/elizabethmaymp.ca\\\/fr\\\/\",\"name\":\"Elizabeth May\",\"description\":\"MP for Saanich and Gulf Islands\",\"publisher\":{\"@id\":\"https:\\\/\\\/elizabethmaymp.ca\\\/fr\\\/#organization\"},\"potentialAction\":[{\"@type\":\"SearchAction\",\"target\":{\"@type\":\"EntryPoint\",\"urlTemplate\":\"https:\\\/\\\/elizabethmaymp.ca\\\/fr\\\/?s={search_term_string}\"},\"query-input\":{\"@type\":\"PropertyValueSpecification\",\"valueRequired\":true,\"valueName\":\"search_term_string\"}}],\"inLanguage\":\"en-US\"},{\"@type\":\"Organization\",\"@id\":\"https:\\\/\\\/elizabethmaymp.ca\\\/fr\\\/#organization\",\"name\":\"Elizabeth May MP\",\"url\":\"https:\\\/\\\/elizabethmaymp.ca\\\/fr\\\/\",\"logo\":{\"@type\":\"ImageObject\",\"inLanguage\":\"en-US\",\"@id\":\"https:\\\/\\\/elizabethmaymp.ca\\\/fr\\\/#\\\/schema\\\/logo\\\/image\\\/\",\"url\":\"https:\\\/\\\/elizabethmaymp.ca\\\/wp-content\\\/uploads\\\/elizabethmay-button.png\",\"contentUrl\":\"https:\\\/\\\/elizabethmaymp.ca\\\/wp-content\\\/uploads\\\/elizabethmay-button.png\",\"width\":1501,\"height\":1501,\"caption\":\"Elizabeth May MP\"},\"image\":{\"@id\":\"https:\\\/\\\/elizabethmaymp.ca\\\/fr\\\/#\\\/schema\\\/logo\\\/image\\\/\"},\"sameAs\":[\"https:\\\/\\\/www.facebook.com\\\/ElizabethMayMP\",\"https:\\\/\\\/x.com\\\/elizabethmay\"]}]}<\/script>\n<!-- \/ Yoast SEO plugin. -->","yoast_head_json":{"title":"Ressources pour les jeunes | Elizabeth May","robots":{"index":"index","follow":"follow","max-snippet":"max-snippet:-1","max-image-preview":"max-image-preview:large","max-video-preview":"max-video-preview:-1"},"canonical":"https:\/\/elizabethmaymp.ca\/fr\/youth-resources\/","og_locale":"en_US","og_type":"article","og_title":"Ressources pour les jeunes | Elizabeth May","og_description":"Aide financi\u00e8re Subventions aux apprentis Le gouvernement du Canada s\u2019engage \u00e0 appuyer les apprentis inscrits tout au long de leur formation. Le pr\u00eat canadien aux apprentis peut vous&hellip;","og_url":"https:\/\/elizabethmaymp.ca\/fr\/youth-resources\/","og_site_name":"Elizabeth May","article_publisher":"https:\/\/www.facebook.com\/ElizabethMayMP","article_modified_time":"2021-02-19T02:14:18+00:00","og_image":[{"width":1000,"height":750,"url":"https:\/\/elizabethmaymp.ca\/wp-content\/uploads\/Copy-of-IMG_1487.jpg","type":"image\/jpeg"}],"twitter_card":"summary_large_image","twitter_site":"@elizabethmay","twitter_misc":{"Est. reading time":"6 minutes"},"schema":{"@context":"https:\/\/schema.org","@graph":[{"@type":"WebPage","@id":"https:\/\/elizabethmaymp.ca\/fr\/youth-resources\/","url":"https:\/\/elizabethmaymp.ca\/fr\/youth-resources\/","name":"Ressources pour les jeunes | Elizabeth May","isPartOf":{"@id":"https:\/\/elizabethmaymp.ca\/fr\/#website"},"primaryImageOfPage":{"@id":"https:\/\/elizabethmaymp.ca\/fr\/youth-resources\/#primaryimage"},"image":{"@id":"https:\/\/elizabethmaymp.ca\/youth-resources\/#primaryimage"},"thumbnailUrl":"https:\/\/elizabethmaymp.ca\/wp-content\/uploads\/Copy-of-IMG_1487.jpg","datePublished":"2011-06-21T14:14:06+00:00","dateModified":"2021-02-19T02:14:18+00:00","breadcrumb":{"@id":"https:\/\/elizabethmaymp.ca\/fr\/youth-resources\/#breadcrumb"},"inLanguage":"en-US","potentialAction":[{"@type":"ReadAction","target":[["https:\/\/elizabethmaymp.ca\/fr\/youth-resources\/"]]}]},{"@type":"ImageObject","inLanguage":"en-US","@id":"https:\/\/elizabethmaymp.ca\/fr\/youth-resources\/#primaryimage","url":"https:\/\/elizabethmaymp.ca\/wp-content\/uploads\/Copy-of-IMG_1487.jpg","contentUrl":"https:\/\/elizabethmaymp.ca\/wp-content\/uploads\/Copy-of-IMG_1487.jpg","width":1000,"height":750},{"@type":"BreadcrumbList","@id":"https:\/\/elizabethmaymp.ca\/fr\/youth-resources\/#breadcrumb","itemListElement":[{"@type":"ListItem","position":1,"name":"Home","item":"https:\/\/elizabethmaymp.ca\/fr\/"},{"@type":"ListItem","position":2,"name":"Resources for Youth"}]},{"@type":"WebSite","@id":"https:\/\/elizabethmaymp.ca\/fr\/#website","url":"https:\/\/elizabethmaymp.ca\/fr\/","name":"Elizabeth May","description":"MP for Saanich and Gulf Islands","publisher":{"@id":"https:\/\/elizabethmaymp.ca\/fr\/#organization"},"potentialAction":[{"@type":"SearchAction","target":{"@type":"EntryPoint","urlTemplate":"https:\/\/elizabethmaymp.ca\/fr\/?s={search_term_string}"},"query-input":{"@type":"PropertyValueSpecification","valueRequired":true,"valueName":"search_term_string"}}],"inLanguage":"en-US"},{"@type":"Organization","@id":"https:\/\/elizabethmaymp.ca\/fr\/#organization","name":"Elizabeth May MP","url":"https:\/\/elizabethmaymp.ca\/fr\/","logo":{"@type":"ImageObject","inLanguage":"en-US","@id":"https:\/\/elizabethmaymp.ca\/fr\/#\/schema\/logo\/image\/","url":"https:\/\/elizabethmaymp.ca\/wp-content\/uploads\/elizabethmay-button.png","contentUrl":"https:\/\/elizabethmaymp.ca\/wp-content\/uploads\/elizabethmay-button.png","width":1501,"height":1501,"caption":"Elizabeth May MP"},"image":{"@id":"https:\/\/elizabethmaymp.ca\/fr\/#\/schema\/logo\/image\/"},"sameAs":["https:\/\/www.facebook.com\/ElizabethMayMP","https:\/\/x.com\/elizabethmay"]}]}},"ticketed":false,"_links":{"self":[{"href":"https:\/\/elizabethmaymp.ca\/fr\/wp-json\/wp\/v2\/pages\/86","targetHints":{"allow":["GET"]}}],"collection":[{"href":"https:\/\/elizabethmaymp.ca\/fr\/wp-json\/wp\/v2\/pages"}],"about":[{"href":"https:\/\/elizabethmaymp.ca\/fr\/wp-json\/wp\/v2\/types\/page"}],"author":[{"embeddable":true,"href":"https:\/\/elizabethmaymp.ca\/fr\/wp-json\/wp\/v2\/users\/1"}],"replies":[{"embeddable":true,"href":"https:\/\/elizabethmaymp.ca\/fr\/wp-json\/wp\/v2\/comments?post=86"}],"version-history":[{"count":44,"href":"https:\/\/elizabethmaymp.ca\/fr\/wp-json\/wp\/v2\/pages\/86\/revisions"}],"predecessor-version":[{"id":24776,"href":"https:\/\/elizabethmaymp.ca\/fr\/wp-json\/wp\/v2\/pages\/86\/revisions\/24776"}],"wp:featuredmedia":[{"embeddable":true,"href":"https:\/\/elizabethmaymp.ca\/fr\/wp-json\/wp\/v2\/media\/24447"}],"wp:attachment":[{"href":"https:\/\/elizabethmaymp.ca\/fr\/wp-json\/wp\/v2\/media?parent=86"}],"curies":[{"name":"wp","href":"https:\/\/api.w.org\/{rel}","templated":true}]}}